{"id":9617,"date":"2024-09-09T09:45:57","date_gmt":"2024-09-09T12:45:57","guid":{"rendered":"https:\/\/www.nutreco.com.ar\/site\/?page_id=9617"},"modified":"2026-04-07T09:34:28","modified_gmt":"2026-04-07T12:34:28","slug":"american-cola","status":"publish","type":"page","link":"https:\/\/nutreco.com.ar\/site\/american-cola\/","title":{"rendered":"American Cola"},"content":{"rendered":"<section class=\"l-section wpb_row height_auto width_full color_primary\"><div class=\"l-section-h i-cf\"><div class=\"g-cols vc_row via_flex valign_top type_default stacking_default\"><div class=\"vc_col-sm-12 wpb_column vc_column_container\"><div class=\"vc_column-inner\"><div class=\"wpb_wrapper\">\n\t\t\t<!-- START AC_portada REVOLUTION SLIDER 6.7.35 --><p class=\"rs-p-wp-fix\"><\/p>\n\t\t\t<rs-module-wrap id=\"rev_slider_6_1_wrapper\" data-source=\"gallery\" style=\"visibility:hidden;background:transparent;padding:0;margin:0px auto;margin-top:0;margin-bottom:0;\">\n\t\t\t\t<rs-module id=\"rev_slider_6_1\" style=\"\" data-version=\"6.7.35\">\n\t\t\t\t\t<rs-slides style=\"overflow: hidden; position: absolute;\">\n\t\t\t\t\t\t<rs-slide style=\"position: absolute;\" data-key=\"rs-38\" data-title=\"AC-portada\" data-in=\"o:0;\" data-out=\"a:false;\">\n\t\t\t\t\t\t\t<img decoding=\"async\" src=\"\/\/nutreco.com.ar\/site\/wp-content\/plugins\/revslider\/sr6\/assets\/assets\/dummy.png\" alt=\"\" title=\"Slide_AmericanCola_38.jpeg\" width=\"1920\" height=\"1080\" class=\"rev-slidebg tp-rs-img rs-lazyload\" data-lazyload=\"\/\/nutreco.com.ar\/site\/wp-content\/uploads\/revslider\/video-media\/Slide_AmericanCola_38.jpeg\" data-no-retina>\n\t\t\t\t\t\t\t<rs-bgvideo \n\t\t\t\t\t\t\t\tdata-video=\"w:100%;h:100%;nse:false;l:true;ptimer:false;vfc:true;\"\n\t\t\t\t\t\t\t\tdata-mp4=\"\/\/nutreco.com.ar\/site\/wp-content\/uploads\/2026\/03\/Slide_AmericanCola.mp4\"\n\t\t\t\t\t\t\t><\/rs-bgvideo>\n<!---->\t\t\t\t\t<\/rs-slide>\n\t\t\t\t\t<\/rs-slides>\n\t\t\t\t<\/rs-module>\n\t\t\t\t<script>\n\t\t\t\t\tsetREVStartSize({c: 'rev_slider_6_1',rl:[1240,1024,778,480],el:[900,768,960,720],gw:[1240,1024,778,480],gh:[900,576,438,270],type:'standard',justify:'',layout:'fullwidth',mh:\"0\"});if (window.RS_MODULES!==undefined && window.RS_MODULES.modules!==undefined && window.RS_MODULES.modules[\"revslider61\"]!==undefined) {window.RS_MODULES.modules[\"revslider61\"].once = false;window.revapi6 = undefined;if (window.RS_MODULES.checkMinimal!==undefined) window.RS_MODULES.checkMinimal()}\n\t\t\t\t<\/script>\n\t\t\t<\/rs-module-wrap>\n\t\t\t<!-- END REVOLUTION SLIDER -->\n<\/div><\/div><\/div><\/div><\/div><\/section><section class=\"l-section wpb_row height_small\"><div class=\"l-section-h i-cf\"><div class=\"g-cols vc_row via_flex valign_top type_default stacking_default\"><div class=\"vc_col-sm-6 wpb_column vc_column_container\"><div class=\"vc_column-inner\"><div class=\"wpb_wrapper\"><div class=\"w-image align_center\"><div class=\"w-image-h\"><img decoding=\"async\" width=\"300\" height=\"300\" src=\"https:\/\/nutreco.com.ar\/site\/wp-content\/uploads\/2024\/09\/logo_AmericanCola_Bordo-Rojo.png\" class=\"attachment-large size-large\" alt=\"\" loading=\"lazy\" srcset=\"https:\/\/nutreco.com.ar\/site\/wp-content\/uploads\/2024\/09\/logo_AmericanCola_Bordo-Rojo.png 300w, https:\/\/nutreco.com.ar\/site\/wp-content\/uploads\/2024\/09\/logo_AmericanCola_Bordo-Rojo-150x150.png 150w, https:\/\/nutreco.com.ar\/site\/wp-content\/uploads\/2024\/09\/logo_AmericanCola_Bordo-Rojo-141x141.png 141w\" sizes=\"auto, (max-width: 300px) 100vw, 300px\" \/><\/div><\/div><\/div><\/div><\/div><div class=\"vc_col-sm-6 wpb_column vc_column_container\"><div class=\"vc_column-inner\"><div class=\"wpb_wrapper\"><div class=\"w-image align_none\"><div class=\"w-image-h\"><img decoding=\"async\" width=\"500\" height=\"565\" src=\"https:\/\/nutreco.com.ar\/site\/wp-content\/uploads\/2026\/01\/AC_bajada.png\" class=\"attachment-us_500_565 size-us_500_565\" alt=\"\" loading=\"lazy\" srcset=\"https:\/\/nutreco.com.ar\/site\/wp-content\/uploads\/2026\/01\/AC_bajada.png 508w, https:\/\/nutreco.com.ar\/site\/wp-content\/uploads\/2026\/01\/AC_bajada-266x300.png 266w, https:\/\/nutreco.com.ar\/site\/wp-content\/uploads\/2026\/01\/AC_bajada-125x141.png 125w, https:\/\/nutreco.com.ar\/site\/wp-content\/uploads\/2026\/01\/AC_bajada-398x450.png 398w, https:\/\/nutreco.com.ar\/site\/wp-content\/uploads\/2026\/01\/AC_bajada-133x150.png 133w, https:\/\/nutreco.com.ar\/site\/wp-content\/uploads\/2026\/01\/AC_bajada-354x400.png 354w\" sizes=\"auto, (max-width: 500px) 100vw, 500px\" \/><\/div><\/div><\/div><\/div><\/div><\/div><\/div><\/section><section class=\"l-section wpb_row height_small\"><div class=\"l-section-h i-cf\"><div class=\"g-cols vc_row via_flex valign_top type_default stacking_default\"><div class=\"vc_col-sm-12 wpb_column vc_column_container\"><div class=\"vc_column-inner\"><div class=\"wpb_wrapper\"><div class=\"wpb_text_column us_custom_fd004ef7 has_text_color\"><div class=\"wpb_wrapper\"><p style=\"text-align: center;\">Explor\u00e1 tus horizontes<\/p>\n<\/div><\/div><div class=\"w-separator size_small\"><\/div><div class=\"wpb_text_column us_custom_20329696\"><div class=\"wpb_wrapper\"><p>Creada en Atlanta (EE. UU.) durante los a\u00f1os 70, <strong>American Cola<\/strong> fue formulada para cumplir con los m\u00e1s altos est\u00e1ndares de sabor y calidad. Hoy, <strong>American Cola<\/strong> es una cola premium con una historia de varias d\u00e9cadas ofreciendo un sabor y un valor superiores a los consumidores de todo el mundo.<\/p>\n<\/div><\/div><\/div><\/div><\/div><\/div><\/div><\/section><section class=\"l-section wpb_row height_small\"><div class=\"l-section-h i-cf\"><div class=\"g-cols vc_row via_flex valign_top type_default stacking_default\"><div class=\"vc_col-sm-12 wpb_column vc_column_container\"><div class=\"vc_column-inner\"><div class=\"wpb_wrapper\"><div class=\"wpb_text_column us_custom_fd004ef7 has_text_color\"><div class=\"wpb_wrapper\"><p style=\"text-align: center;\">Nuestros Productos<\/p>\n<\/div><\/div><div class=\"w-separator size_small\"><\/div><div class=\"wpb_text_column us_custom_20329696\"><div class=\"wpb_wrapper\"><p>Creada en <strong>Atlanta<\/strong>, <strong>USA<\/strong>, lugar de nacimiento de la gran cola global, en los <strong>70\u00b4s<\/strong>. Una marca internacional en 24 pa\u00edses del mundo.<br \/>\n<strong>Sabor \u00fanico<\/strong>, fiel a la f\u00f3rmula estadounidense original.<\/p>\n<\/div><\/div><\/div><\/div><\/div><\/div><\/div><\/section><section class=\"l-section wpb_row height_auto\"><div class=\"l-section-h i-cf\"><div class=\"g-cols vc_row via_flex valign_top type_default stacking_default\"><div class=\"vc_col-sm-12 wpb_column vc_column_container\"><div class=\"vc_column-inner\"><div class=\"wpb_wrapper\"><div class=\"w-tabs us_custom_606c459c has_text_color layout_hor style_trendy switch_click has_scrolling\" style=\"--sections-title-size:1.4rem\"><div class=\"w-tabs-list items_2 align_none\" style=\"font-family:Arial, Helvetica, sans-serif;font-weight:700;\"><div class=\"w-tabs-list-h\"><button class=\"w-tabs-item active defined-active\" aria-controls=\"content-1603821346490-efe9125e-46ba\" aria-expanded=\"true\"><span class=\"w-tabs-item-title\">American Cola<\/span><\/button><button class=\"w-tabs-item\" aria-controls=\"content-1603826102768-840d3599-fd14\" aria-expanded=\"false\"><span class=\"w-tabs-item-title\">American Cola Zero<\/span><\/button><\/div><\/div><div class=\"w-tabs-sections titles-align_none icon_chevron cpos_right\"><div class=\"w-tabs-section has_text_color active\" id=\"1603821346490-efe9125e-46ba\" style=\"color:var(--color-alt-content-link);\"><button class=\"w-tabs-section-header active\" aria-controls=\"content-1603821346490-efe9125e-46ba\" aria-expanded=\"true\"><div class=\"w-tabs-section-title\">American Cola<\/div><div class=\"w-tabs-section-control\"><\/div><\/button><div  class=\"w-tabs-section-content us_custom_3855cf32\" id=\"content-1603821346490-efe9125e-46ba\"><div class=\"w-tabs-section-content-h i-cf\"><div class=\"g-cols wpb_row via_flex valign_top type_default stacking_default\"><div class=\"vc_col-sm-6 wpb_column vc_column_container\"><div class=\"vc_column-inner\"><div class=\"wpb_wrapper\"><div class=\"w-image us_custom_8f2ba1f4 us_animate_this align_center\"><div class=\"w-image-h\"><img decoding=\"async\" width=\"600\" height=\"500\" src=\"https:\/\/nutreco.com.ar\/site\/wp-content\/uploads\/2024\/12\/american_cola_regular_frente-TR.png\" class=\"attachment-large size-large\" alt=\"\" loading=\"lazy\" srcset=\"https:\/\/nutreco.com.ar\/site\/wp-content\/uploads\/2024\/12\/american_cola_regular_frente-TR.png 600w, https:\/\/nutreco.com.ar\/site\/wp-content\/uploads\/2024\/12\/american_cola_regular_frente-TR-300x250.png 300w, https:\/\/nutreco.com.ar\/site\/wp-content\/uploads\/2024\/12\/american_cola_regular_frente-TR-169x141.png 169w, https:\/\/nutreco.com.ar\/site\/wp-content\/uploads\/2024\/12\/american_cola_regular_frente-TR-450x375.png 450w, https:\/\/nutreco.com.ar\/site\/wp-content\/uploads\/2024\/12\/american_cola_regular_frente-TR-180x150.png 180w, https:\/\/nutreco.com.ar\/site\/wp-content\/uploads\/2024\/12\/american_cola_regular_frente-TR-480x400.png 480w\" sizes=\"auto, (max-width: 600px) 100vw, 600px\" \/><\/div><\/div><\/div><\/div><\/div><div class=\"vc_col-sm-6 wpb_column vc_column_container\"><div class=\"vc_column-inner\"><div class=\"wpb_wrapper\"><div class=\"wpb_text_column us_custom_98d364fd has_text_color\"><div class=\"wpb_wrapper\"><p><span style=\"color: #cf0a2c;\">Sabor Original<\/span><\/p>\n<\/div><\/div><div class=\"w-separator size_small\"><\/div><div class=\"wpb_text_column us_custom_bcb388cc\"><div class=\"wpb_wrapper\"><p><span style=\"color: #005bab;\"><span style=\"color: #ffcb02;\"><span style=\"color: #808080;\">Presentaciones:<\/span><strong><br \/>\n<span style=\"color: #cf0a2c;\">\u2022 Lata 354 ml<br \/>\n\u2022 500 ml\u00a0<\/span><\/strong><span style=\"color: #808080;\"><br \/>\n<\/span><span style=\"color: #cf0a2c;\"><strong>\u2022 1.5 L<\/strong>\u00a0<\/span><\/span><\/span><\/p>\n<\/div><\/div><div class=\"w-image align_none\"><div class=\"w-image-h\"><img decoding=\"async\" width=\"586\" height=\"146\" src=\"https:\/\/nutreco.com.ar\/site\/wp-content\/uploads\/2024\/08\/iconos_americanCola_sellos-Regular.png\" class=\"attachment-large size-large\" alt=\"\" loading=\"lazy\" srcset=\"https:\/\/nutreco.com.ar\/site\/wp-content\/uploads\/2024\/08\/iconos_americanCola_sellos-Regular.png 586w, https:\/\/nutreco.com.ar\/site\/wp-content\/uploads\/2024\/08\/iconos_americanCola_sellos-Regular-300x75.png 300w, https:\/\/nutreco.com.ar\/site\/wp-content\/uploads\/2024\/08\/iconos_americanCola_sellos-Regular-180x45.png 180w, https:\/\/nutreco.com.ar\/site\/wp-content\/uploads\/2024\/08\/iconos_americanCola_sellos-Regular-450x112.png 450w\" sizes=\"auto, (max-width: 586px) 100vw, 586px\" \/><\/div><\/div><\/div><\/div><\/div><\/div><\/div><\/div><\/div><div class=\"w-tabs-section has_text_color\" id=\"1603826102768-840d3599-fd14\" style=\"color:var(--color-alt-content-link);\"><button class=\"w-tabs-section-header\" aria-controls=\"content-1603826102768-840d3599-fd14\" aria-expanded=\"false\"><div class=\"w-tabs-section-title\">American Cola Zero<\/div><div class=\"w-tabs-section-control\"><\/div><\/button><div  class=\"w-tabs-section-content us_custom_230c08ad\" id=\"content-1603826102768-840d3599-fd14\"><div class=\"w-tabs-section-content-h i-cf\"><div class=\"g-cols wpb_row via_flex valign_top type_default stacking_default\"><div class=\"vc_col-sm-6 wpb_column vc_column_container\"><div class=\"vc_column-inner\"><div class=\"wpb_wrapper\"><div class=\"w-image us_custom_8f2ba1f4 us_animate_this align_center\"><div class=\"w-image-h\"><img decoding=\"async\" width=\"600\" height=\"500\" src=\"https:\/\/nutreco.com.ar\/site\/wp-content\/uploads\/2024\/12\/american_cola_zero_frente_TN.png\" class=\"attachment-large size-large\" alt=\"\" loading=\"lazy\" srcset=\"https:\/\/nutreco.com.ar\/site\/wp-content\/uploads\/2024\/12\/american_cola_zero_frente_TN.png 600w, https:\/\/nutreco.com.ar\/site\/wp-content\/uploads\/2024\/12\/american_cola_zero_frente_TN-300x250.png 300w, https:\/\/nutreco.com.ar\/site\/wp-content\/uploads\/2024\/12\/american_cola_zero_frente_TN-169x141.png 169w, https:\/\/nutreco.com.ar\/site\/wp-content\/uploads\/2024\/12\/american_cola_zero_frente_TN-450x375.png 450w, https:\/\/nutreco.com.ar\/site\/wp-content\/uploads\/2024\/12\/american_cola_zero_frente_TN-180x150.png 180w, https:\/\/nutreco.com.ar\/site\/wp-content\/uploads\/2024\/12\/american_cola_zero_frente_TN-480x400.png 480w\" sizes=\"auto, (max-width: 600px) 100vw, 600px\" \/><\/div><\/div><\/div><\/div><\/div><div class=\"vc_col-sm-6 wpb_column vc_column_container\"><div class=\"vc_column-inner\"><div class=\"wpb_wrapper\"><div class=\"wpb_text_column us_custom_2b1aab04 has_text_color\"><div class=\"wpb_wrapper\"><p><span style=\"color: #000000;\">Sabor Cola ZERO<\/span><\/p>\n<\/div><\/div><div class=\"w-separator size_small\"><\/div><div class=\"wpb_text_column us_custom_bcb388cc\"><div class=\"wpb_wrapper\"><p><span style=\"color: #005bab;\"><span style=\"color: #ffcb02;\"><span style=\"color: #808080;\">Presentaciones:<\/span><strong><br \/>\n<span style=\"color: #000000;\">\u2022 500 ml<\/span><\/strong><span style=\"color: #808080;\"><br \/>\n<\/span><span style=\"color: #000000;\"><strong>\u2022 1.5 L<\/strong><\/span><\/span><\/span><\/p>\n<\/div><\/div><div class=\"w-image align_none\"><div class=\"w-image-h\"><img decoding=\"async\" width=\"586\" height=\"146\" src=\"https:\/\/nutreco.com.ar\/site\/wp-content\/uploads\/2024\/08\/iconos_americanCola_sellos-Zero.png\" class=\"attachment-large size-large\" alt=\"\" loading=\"lazy\" srcset=\"https:\/\/nutreco.com.ar\/site\/wp-content\/uploads\/2024\/08\/iconos_americanCola_sellos-Zero.png 586w, https:\/\/nutreco.com.ar\/site\/wp-content\/uploads\/2024\/08\/iconos_americanCola_sellos-Zero-300x75.png 300w, https:\/\/nutreco.com.ar\/site\/wp-content\/uploads\/2024\/08\/iconos_americanCola_sellos-Zero-180x45.png 180w, https:\/\/nutreco.com.ar\/site\/wp-content\/uploads\/2024\/08\/iconos_americanCola_sellos-Zero-450x112.png 450w\" sizes=\"auto, (max-width: 586px) 100vw, 586px\" \/><\/div><\/div><\/div><\/div><\/div><\/div><\/div><\/div><\/div><\/div><\/div><\/div><\/div><\/div><\/div><\/div><\/section><section class=\"l-section wpb_row height_custom\"><div class=\"l-section-h i-cf\"><div class=\"g-cols vc_row via_flex valign_top type_default stacking_default\"><div class=\"vc_col-sm-6 wpb_column vc_column_container\"><div class=\"vc_column-inner\"><div class=\"wpb_wrapper\"><div class=\"wpb_text_column us_custom_fd004ef7 has_text_color\"><div class=\"wpb_wrapper\"><p style=\"text-align: center;\">Redes Sociales<\/p>\n<\/div><\/div><div class=\"w-separator size_medium\"><\/div><div data-us-scroll=\"{&quot;from_initial_position&quot;:&quot;0&quot;,&quot;start_position&quot;:&quot;0%&quot;,&quot;end_position&quot;:&quot;100%&quot;,&quot;delay&quot;:&quot;0.1s&quot;}\" class=\"w-socials us_custom_845f7bc5 has_scroll_effects color_brand shape_none\" style=\"--gap:1em;\"><div class=\"w-socials-list\"><div class=\"w-socials-item facebook\"><a target=\"_blank\" href=\"https:\/\/www.facebook.com\/profile.php?id=61563361564411\" class=\"w-socials-item-link\" aria-label=\"Facebook\"><span class=\"w-socials-item-link-hover\"><\/span><i class=\"fab fa-facebook\"><\/i><\/a><div class=\"w-socials-item-popup\"><span>Facebook<\/span><\/div><\/div><div class=\"w-socials-item instagram\"><a target=\"_blank\" href=\"https:\/\/www.instagram.com\/americancola.arg\/\" class=\"w-socials-item-link\" aria-label=\"Instagram\"><span class=\"w-socials-item-link-hover\"><\/span><i class=\"fab fa-instagram\"><\/i><\/a><div class=\"w-socials-item-popup\"><span>Instagram<\/span><\/div><\/div><div class=\"w-socials-item tiktok\"><a target=\"_blank\" href=\"https:\/\/www.tiktok.com\/@americancola.arg\" class=\"w-socials-item-link\" aria-label=\"TikTok\"><span class=\"w-socials-item-link-hover\"><\/span><i class=\"fab fa-tiktok\"><\/i><\/a><div class=\"w-socials-item-popup\"><span>TikTok<\/span><\/div><\/div><div class=\"w-socials-item youtube\"><a href=\"https:\/\/www.youtube.com\/@americancolaarg\" class=\"w-socials-item-link\" aria-label=\"YouTube\"><span class=\"w-socials-item-link-hover\"><\/span><i class=\"fab fa-youtube\"><\/i><\/a><div class=\"w-socials-item-popup\"><span>YouTube<\/span><\/div><\/div><\/div><\/div><div class=\"w-separator size_medium\"><\/div><div class=\"w-slider us_custom_213e151c style_none fit_scaledown nav_none has_border_radius count_4\"><div class=\"w-slider-h\"><div class=\"royalSlider\"><div class=\"rsContent\"><a class=\"rsImg\" data-rsw=\"768\" data-rsh=\"1024\" data-rsBigImg=\"https:\/\/nutreco.com.ar\/site\/wp-content\/uploads\/2026\/01\/AC_01-scaled.jpg\" href=\"https:\/\/nutreco.com.ar\/site\/wp-content\/uploads\/2026\/01\/AC_01-768x1024.jpg\"><span data-alt=\"\"><\/span><\/a><\/div><div class=\"rsContent\"><a class=\"rsImg\" data-rsw=\"768\" data-rsh=\"1024\" data-rsBigImg=\"https:\/\/nutreco.com.ar\/site\/wp-content\/uploads\/2026\/01\/AC_02-scaled.jpg\" href=\"https:\/\/nutreco.com.ar\/site\/wp-content\/uploads\/2026\/01\/AC_02-768x1024.jpg\"><span data-alt=\"\"><\/span><\/a><\/div><div class=\"rsContent\"><a class=\"rsImg\" data-rsw=\"683\" data-rsh=\"1024\" data-rsBigImg=\"https:\/\/nutreco.com.ar\/site\/wp-content\/uploads\/2026\/01\/AC_03-scaled.jpg\" href=\"https:\/\/nutreco.com.ar\/site\/wp-content\/uploads\/2026\/01\/AC_03-683x1024.jpg\"><span data-alt=\"\"><\/span><\/a><\/div><div class=\"rsContent\"><a class=\"rsImg\" data-rsw=\"768\" data-rsh=\"1024\" data-rsBigImg=\"https:\/\/nutreco.com.ar\/site\/wp-content\/uploads\/2026\/01\/AC_04-scaled.jpg\" href=\"https:\/\/nutreco.com.ar\/site\/wp-content\/uploads\/2026\/01\/AC_04-768x1024.jpg\"><span data-alt=\"\"><\/span><\/a><\/div><\/div><img decoding=\"async\" src=\"https:\/\/nutreco.com.ar\/site\/wp-content\/uploads\/2026\/01\/AC_01-768x1024.jpg\" width=\"768\" height=\"1024\" alt loading=\"lazy\"><\/div><div class=\"w-slider-json\" onclick='return {&quot;autoScaleSlider&quot;:true,&quot;addActiveClass&quot;:true,&quot;loop&quot;:true,&quot;fadeInLoadedSlide&quot;:false,&quot;slidesSpacing&quot;:0,&quot;imageScalePadding&quot;:0,&quot;numImagesToPreload&quot;:2,&quot;arrowsNav&quot;:true,&quot;arrowsNavAutoHide&quot;:false,&quot;transitionType&quot;:&quot;move&quot;,&quot;transitionSpeed&quot;:250,&quot;block&quot;:{&quot;moveEffect&quot;:&quot;none&quot;,&quot;speed&quot;:300},&quot;thumbs&quot;:{&quot;fitInViewport&quot;:false,&quot;firstMargin&quot;:false,&quot;spacing&quot;:4},&quot;controlNavigation&quot;:&quot;none&quot;,&quot;autoplay&quot;:{&quot;enabled&quot;:true,&quot;pauseOnHover&quot;:true,&quot;delay&quot;:3000},&quot;fullscreen&quot;:{&quot;enabled&quot;:true},&quot;autoScaleSliderWidth&quot;:768,&quot;autoScaleSliderHeight&quot;:1024}'><\/div><\/div><\/div><\/div><\/div><div class=\"vc_col-sm-6 wpb_column vc_column_container\"><div class=\"vc_column-inner\"><div class=\"wpb_wrapper\"><div class=\"wpb_text_column us_custom_fd004ef7 has_text_color\"><div class=\"wpb_wrapper\"><p style=\"text-align: center;\">\u00bfSos Distribuidor de Bebidas?<\/p>\n<\/div><\/div><div class=\"w-separator size_small\"><\/div><div class=\"wpb_text_column\"><div class=\"wpb_wrapper\"><p>Estamos ampliando nuestra red comercial y pod\u00e9s unirte a la red de distribuidores de <strong>American Cola<\/strong> en todo el pa\u00eds.<br \/>\nComplete el formulario y nos estaremos contactando para coordinar.<\/p>\n<\/div><\/div><div class=\"w-separator size_small\"><\/div><div class=\"wpb_text_column\"><div class=\"wpb_wrapper\">\n<div class=\"wpcf7 no-js\" id=\"wpcf7-f10477-o1\" lang=\"es-AR\" dir=\"ltr\" data-wpcf7-id=\"10477\">\n<div class=\"screen-reader-response\"><p role=\"status\" aria-live=\"polite\" aria-atomic=\"true\"><\/p> <ul><\/ul><\/div>\n<form action=\"\/site\/wp-json\/wp\/v2\/pages\/9617#wpcf7-f10477-o1\" method=\"post\" class=\"wpcf7-form init cf7mls-no-scroll cf7mls-auto-return-first-step cf7mls-no-moving-animation\" aria-label=\"Formulario de contacto\" novalidate=\"novalidate\" data-status=\"init\">\n<fieldset class=\"hidden-fields-container\"><input type=\"hidden\" name=\"_wpcf7\" value=\"10477\" \/><input type=\"hidden\" name=\"_wpcf7_version\" value=\"6.1.5\" \/><input type=\"hidden\" name=\"_wpcf7_locale\" value=\"es_AR\" \/><input type=\"hidden\" name=\"_wpcf7_unit_tag\" value=\"wpcf7-f10477-o1\" \/><input type=\"hidden\" name=\"_wpcf7_container_post\" value=\"0\" \/><input type=\"hidden\" name=\"_wpcf7_posted_data_hash\" value=\"\" \/><input type=\"hidden\" name=\"_wpcf7_recaptcha_response\" value=\"\" \/>\n<\/fieldset>\n<p><label> Nombre y Apellido (obligatorio)<br \/>\n<span class=\"wpcf7-form-control-wrap\" data-name=\"your-name\"><input size=\"40\" maxlength=\"400\" class=\"wpcf7-form-control wpcf7-text wpcf7-validates-as-required\" aria-required=\"true\" aria-invalid=\"false\" value=\"\" type=\"text\" name=\"your-name\" \/><\/span> <\/label>\n<\/p>\n<p><label> Correo electr\u00f3nico (obligatorio)<br \/>\n<span class=\"wpcf7-form-control-wrap\" data-name=\"your-email\"><input size=\"40\" maxlength=\"400\" class=\"wpcf7-form-control wpcf7-email wpcf7-validates-as-required wpcf7-text wpcf7-validates-as-email\" aria-required=\"true\" aria-invalid=\"false\" value=\"\" type=\"email\" name=\"your-email\" \/><\/span> <\/label>\n<\/p>\n<p><label> Empresa<br \/>\n<span class=\"wpcf7-form-control-wrap\" data-name=\"Empresa\"><input size=\"40\" maxlength=\"400\" class=\"wpcf7-form-control wpcf7-text wpcf7-validates-as-required\" aria-required=\"true\" aria-invalid=\"false\" value=\"\" type=\"text\" name=\"Empresa\" \/><\/span> <\/label>\n<\/p>\n<p><label> Ciudad (obligatorio)<br \/>\n<span class=\"wpcf7-form-control-wrap\" data-name=\"Ciudad\"><input size=\"40\" maxlength=\"400\" class=\"wpcf7-form-control wpcf7-text wpcf7-validates-as-required\" aria-required=\"true\" aria-invalid=\"false\" value=\"\" type=\"text\" name=\"Ciudad\" \/><\/span> <\/label>\n<\/p>\n<p><label> Provincia (obligatorio)<br \/>\n<span class=\"wpcf7-form-control-wrap\" data-name=\"Provincia\"><select class=\"wpcf7-form-control wpcf7-select wpcf7-validates-as-required\" aria-required=\"true\" aria-invalid=\"false\" name=\"Provincia\"><option value=\"\">&#8212;Por favor, eleg\u00ed una opci\u00f3n&#8212;<\/option><option value=\"Capital Federal\">Capital Federal<\/option><option value=\"Buenos Aires\">Buenos Aires<\/option><option value=\"Catamarca\">Catamarca<\/option><option value=\"C\u00f3rdoba\">C\u00f3rdoba<\/option><option value=\"Corrientes\">Corrientes<\/option><option value=\"Chaco\">Chaco<\/option><option value=\"Chubut\">Chubut<\/option><option value=\"Entre R\u00edos\">Entre R\u00edos<\/option><option value=\"Formosa\">Formosa<\/option><option value=\"Jujuy\">Jujuy<\/option><option value=\"La Pampa\">La Pampa<\/option><option value=\"La Rioja\">La Rioja<\/option><option value=\"Mendoza\">Mendoza<\/option><option value=\"Misiones\">Misiones<\/option><option value=\"Neuqu\u00e9n\">Neuqu\u00e9n<\/option><option value=\"R\u00edo Negro\">R\u00edo Negro<\/option><option value=\"Salta\">Salta<\/option><option value=\"San Juan\">San Juan<\/option><option value=\"San Luis\">San Luis<\/option><option value=\"Santa Cruz\">Santa Cruz<\/option><option value=\"Santa F\u00e9\">Santa F\u00e9<\/option><option value=\"Santiago del Estero\">Santiago del Estero<\/option><option value=\"Tierra del Fuego\">Tierra del Fuego<\/option><option value=\"Tucum\u00e1n\">Tucum\u00e1n<\/option><\/select><\/span> <\/label>\n<\/p>\n<p><label> Tel\u00e9fono (obligatorio)<br \/>\n<span class=\"wpcf7-form-control-wrap\" data-name=\"telefono\"><input size=\"40\" maxlength=\"400\" class=\"wpcf7-form-control wpcf7-tel wpcf7-validates-as-required wpcf7-text wpcf7-validates-as-tel\" aria-required=\"true\" aria-invalid=\"false\" value=\"\" type=\"tel\" name=\"telefono\" \/><\/span> <\/label>\n<\/p>\n<p><label> Comentarios<br \/>\n<span class=\"wpcf7-form-control-wrap\" data-name=\"your-message\"><textarea cols=\"40\" rows=\"10\" maxlength=\"2000\" class=\"wpcf7-form-control wpcf7-textarea\" aria-invalid=\"false\" name=\"your-message\"><\/textarea><\/span> <\/label>\n<\/p>\n<p><input class=\"wpcf7-form-control wpcf7-submit has-spinner\" type=\"submit\" value=\"Enviar\" \/>\n<\/p><div class=\"wpcf7-response-output\" aria-hidden=\"true\"><\/div>\n<\/form>\n<\/div>\n\n<\/div><\/div><\/div><\/div><\/div><\/div><\/div><\/section>\n","protected":false},"excerpt":{"rendered":"Explor\u00e1 tus horizontes Creada en Atlanta (EE. UU.) durante los a\u00f1os 70, American Cola fue formulada para cumplir con los m\u00e1s altos est\u00e1ndares de sabor y calidad. Hoy, American Cola es una cola premium con una historia de varias d\u00e9cadas ofreciendo un sabor y un valor superiores a los consumidores de todo el mundo. Nuestros...","protected":false},"author":2,"featured_media":0,"parent":0,"menu_order":0,"comment_status":"closed","ping_status":"closed","template":"","meta":{"footnotes":""},"class_list":["post-9617","page","type-page","status-publish","hentry"],"_links":{"self":[{"href":"https:\/\/nutreco.com.ar\/site\/wp-json\/wp\/v2\/pages\/9617","targetHints":{"allow":["GET"]}}],"collection":[{"href":"https:\/\/nutreco.com.ar\/site\/wp-json\/wp\/v2\/pages"}],"about":[{"href":"https:\/\/nutreco.com.ar\/site\/wp-json\/wp\/v2\/types\/page"}],"author":[{"embeddable":true,"href":"https:\/\/nutreco.com.ar\/site\/wp-json\/wp\/v2\/users\/2"}],"replies":[{"embeddable":true,"href":"https:\/\/nutreco.com.ar\/site\/wp-json\/wp\/v2\/comments?post=9617"}],"version-history":[{"count":5,"href":"https:\/\/nutreco.com.ar\/site\/wp-json\/wp\/v2\/pages\/9617\/revisions"}],"predecessor-version":[{"id":10510,"href":"https:\/\/nutreco.com.ar\/site\/wp-json\/wp\/v2\/pages\/9617\/revisions\/10510"}],"wp:attachment":[{"href":"https:\/\/nutreco.com.ar\/site\/wp-json\/wp\/v2\/media?parent=9617"}],"curies":[{"name":"wp","href":"https:\/\/api.w.org\/{rel}","templated":true}]}}