{"id":8191,"date":"2021-06-17T08:58:46","date_gmt":"2021-06-17T11:58:46","guid":{"rendered":"http:\/\/www.nutreco.com.ar\/site\/?page_id=8191"},"modified":"2021-06-17T09:07:14","modified_gmt":"2021-06-17T12:07:14","slug":"enviar-cv-adjunto","status":"publish","type":"page","link":"https:\/\/nutreco.com.ar\/site\/enviar-cv-adjunto\/","title":{"rendered":"Enviar CV adjunto"},"content":{"rendered":"<section class=\"l-section wpb_row height_small width_full with_img\"><div class=\"l-section-img\" role=\"img\" data-img-width=\"1920\" data-img-height=\"500\" style=\"background-image: url(https:\/\/nutreco.com.ar\/site\/wp-content\/uploads\/2020\/11\/contacto-03.jpg);\"><\/div><div class=\"l-section-h i-cf\"><div class=\"g-cols vc_row via_flex valign_top type_default stacking_default\"><div class=\"vc_col-sm-12 wpb_column vc_column_container\"><div class=\"vc_column-inner\"><div class=\"wpb_wrapper\"><div class=\"wpb_text_column us_custom_22fa3828 has_text_color\"><div class=\"wpb_wrapper\"><h2 style=\"text-align: center;\">Env\u00edo de Curriculum Vitae<\/h2>\n<\/div><\/div><\/div><\/div><\/div><\/div><\/div><\/section><section class=\"l-section wpb_row height_auto\"><div class=\"l-section-h i-cf\"><div class=\"g-cols vc_row via_flex valign_top type_default stacking_default\"><div class=\"vc_col-sm-2 wpb_column vc_column_container\"><div class=\"vc_column-inner\"><div class=\"wpb_wrapper\"><\/div><\/div><\/div><div class=\"vc_col-sm-8 wpb_column vc_column_container\"><div class=\"vc_column-inner\"><div class=\"wpb_wrapper\"><div class=\"w-separator size_medium\"><\/div><div class=\"wpb_text_column\"><div class=\"wpb_wrapper\"><h5>Envianos tu CV adjunto completando el siguiente formulario.<\/h5>\n<\/div><\/div><div class=\"w-separator size_medium\"><\/div>\n<div class=\"wpcf7 no-js\" id=\"wpcf7-f7888-o1\" lang=\"es-AR\" dir=\"ltr\" data-wpcf7-id=\"7888\">\n<div class=\"screen-reader-response\"><p role=\"status\" aria-live=\"polite\" aria-atomic=\"true\"><\/p> <ul><\/ul><\/div>\n<form action=\"\/site\/wp-json\/wp\/v2\/pages\/8191#wpcf7-f7888-o1\" method=\"post\" class=\"wpcf7-form init cf7mls-no-scroll cf7mls-auto-return-first-step cf7mls-no-moving-animation\" aria-label=\"Formulario de contacto\" enctype=\"multipart\/form-data\" novalidate=\"novalidate\" data-status=\"init\">\n<fieldset class=\"hidden-fields-container\"><input type=\"hidden\" name=\"_wpcf7\" value=\"7888\" \/><input type=\"hidden\" name=\"_wpcf7_version\" value=\"6.1.5\" \/><input type=\"hidden\" name=\"_wpcf7_locale\" value=\"es_AR\" \/><input type=\"hidden\" name=\"_wpcf7_unit_tag\" value=\"wpcf7-f7888-o1\" \/><input type=\"hidden\" name=\"_wpcf7_container_post\" value=\"0\" \/><input type=\"hidden\" name=\"_wpcf7_posted_data_hash\" value=\"\" \/><input type=\"hidden\" name=\"_wpcf7_recaptcha_response\" value=\"\" \/>\n<\/fieldset>\n<div id=\"responsive-form\" class=\"clearfix\">\n\t<div class=\"form-row\">\n\t\t<div class=\"column-full\">\n\t\t\t<p>Sector al que aplica<br \/>\n<span class=\"wpcf7-form-control-wrap\" data-name=\"Sector\"><select class=\"wpcf7-form-control wpcf7-select wpcf7-validates-as-required\" aria-required=\"true\" aria-invalid=\"false\" name=\"Sector\"><option value=\"\">&#8212;Por favor, eleg\u00ed una opci\u00f3n&#8212;<\/option><option value=\"Administraci\u00f3n\">Administraci\u00f3n<\/option><option value=\"Calidad\">Calidad<\/option><option value=\"Compras\">Compras<\/option><option value=\"Expedici\u00f3n y log\u00edstica\">Expedici\u00f3n y log\u00edstica<\/option><option value=\"Mantenimiento\">Mantenimiento<\/option><option value=\"Producci\u00f3n\">Producci\u00f3n<\/option><option value=\"Recursos humanos\">Recursos humanos<\/option><option value=\"Sistemas\">Sistemas<\/option><option value=\"Ventas\">Ventas<\/option><option value=\"Otros\">Otros<\/option><\/select><\/span>\n\t\t\t<\/p>\n\t\t<\/div>\n\t\t<div class=\"form-row\">\n\t\t\t<div class=\"column-half\">\n\t\t\t\t<p>Nombres <span class=\"wpcf7-form-control-wrap\" data-name=\"first-name\"><input size=\"40\" maxlength=\"400\" class=\"wpcf7-form-control wpcf7-text wpcf7-validates-as-required\" aria-required=\"true\" aria-invalid=\"false\" value=\"\" type=\"text\" name=\"first-name\" \/><\/span>\n\t\t\t\t<\/p>\n\t\t\t<\/div>\n\t\t\t<div class=\"column-half\">\n\t\t\t\t<p>Apellido <span class=\"wpcf7-form-control-wrap\" data-name=\"last-name\"><input size=\"40\" maxlength=\"400\" class=\"wpcf7-form-control wpcf7-text wpcf7-validates-as-required\" aria-required=\"true\" aria-invalid=\"false\" value=\"\" type=\"text\" name=\"last-name\" \/><\/span>\n\t\t\t\t<\/p>\n\t\t\t<\/div>\n\t\t<\/div>\n\t\t<div class=\"form-row\">\n\t\t\t<div class=\"column-half\">\n\t\t\t\t<p>Email <span class=\"wpcf7-form-control-wrap\" data-name=\"your-email\"><input size=\"40\" maxlength=\"400\" class=\"wpcf7-form-control wpcf7-email wpcf7-validates-as-required wpcf7-text wpcf7-validates-as-email\" aria-required=\"true\" aria-invalid=\"false\" value=\"\" type=\"email\" name=\"your-email\" \/><\/span>\n\t\t\t\t<\/p>\n\t\t\t<\/div>\n\t\t\t<div class=\"column-half\">\n\t\t\t\t<p>Tel\u00e9fono <span class=\"wpcf7-form-control-wrap\" data-name=\"your-phone\"><input size=\"40\" maxlength=\"400\" class=\"wpcf7-form-control wpcf7-text wpcf7-validates-as-required\" aria-required=\"true\" aria-invalid=\"false\" value=\"\" type=\"text\" name=\"your-phone\" \/><\/span>\n\t\t\t\t<\/p>\n\t\t\t<\/div>\n\t\t<\/div>\n\t\t<div class=\"form-row\">\n\t\t\t<div class=\"column-half\">\n\t\t\t\t<p>Nacionalidad <span class=\"wpcf7-form-control-wrap\" data-name=\"nacionalidad\"><input size=\"40\" maxlength=\"400\" class=\"wpcf7-form-control wpcf7-text wpcf7-validates-as-required\" aria-required=\"true\" aria-invalid=\"false\" value=\"\" type=\"text\" name=\"nacionalidad\" \/><\/span>\n\t\t\t\t<\/p>\n\t\t\t<\/div>\n\t\t\t<div class=\"column-half\">\n\t\t\t\t<p>Celular <span class=\"wpcf7-form-control-wrap\" data-name=\"celular\"><input size=\"40\" maxlength=\"400\" class=\"wpcf7-form-control wpcf7-text wpcf7-validates-as-required\" aria-required=\"true\" aria-invalid=\"false\" value=\"\" type=\"text\" name=\"celular\" \/><\/span>\n\t\t\t\t<\/p>\n\t\t\t<\/div>\n\t\t<\/div>\n\t\t<div class=\"form-row\">\n\t\t\t<div class=\"column-half\">\n\t\t\t\t<p>Sexo <span class=\"wpcf7-form-control-wrap\" data-name=\"sexo\"><select class=\"wpcf7-form-control wpcf7-select wpcf7-validates-as-required\" aria-required=\"true\" aria-invalid=\"false\" name=\"sexo\"><option value=\"\">&#8212;Por favor, eleg\u00ed una opci\u00f3n&#8212;<\/option><option value=\"Femenino\">Femenino<\/option><option value=\"Masculino\">Masculino<\/option><\/select><\/span>\n\t\t\t\t<\/p>\n\t\t\t<\/div>\n\t\t\t<div class=\"column-half\">\n\t\t\t\t<p>Fecha de Nacimiento<span class=\"wpcf7-form-control-wrap\" data-name=\"date-503\"><input class=\"wpcf7-form-control wpcf7-date wpcf7-validates-as-date\" min=\"1960-01-01\" max=\"2008-12-31\" aria-invalid=\"false\" value=\"\" type=\"date\" name=\"date-503\" \/><\/span>\n\t\t\t\t<\/p>\n\t\t\t<\/div>\n\t\t<\/div>\n\t\t<div class=\"form-row\">\n\t\t\t<div class=\"column-onethird\">\n\t\t\t\t<p>Estado Civil <span class=\"wpcf7-form-control-wrap\" data-name=\"estadocivil\"><select class=\"wpcf7-form-control wpcf7-select wpcf7-validates-as-required\" aria-required=\"true\" aria-invalid=\"false\" name=\"estadocivil\"><option value=\"\">&#8212;Por favor, eleg\u00ed una opci\u00f3n&#8212;<\/option><option value=\"Soltero\/a\">Soltero\/a<\/option><option value=\"Casado\/a\">Casado\/a<\/option><option value=\"Divorciado\/a\">Divorciado\/a<\/option><option value=\"Viudo\/a\">Viudo\/a<\/option><option value=\"Otro\">Otro<\/option><\/select><\/span>\n\t\t\t\t<\/p>\n\t\t\t<\/div>\n\t\t\t<div class=\"column-onethird\">\n\t\t\t\t<p>tipo de Documento <span class=\"wpcf7-form-control-wrap\" data-name=\"tipodoc\"><select class=\"wpcf7-form-control wpcf7-select wpcf7-validates-as-required\" aria-required=\"true\" aria-invalid=\"false\" name=\"tipodoc\"><option value=\"\">&#8212;Por favor, eleg\u00ed una opci\u00f3n&#8212;<\/option><option value=\"C\u00e9dula\">C\u00e9dula<\/option><option value=\"DNI\">DNI<\/option><option value=\"LC\">LC<\/option><option value=\"LE\">LE<\/option><option value=\"Pasaporte\">Pasaporte<\/option><option value=\"Otro\">Otro<\/option><\/select><\/span>\n\t\t\t\t<\/p>\n\t\t\t<\/div>\n\t\t\t<div class=\"column-onethird\">\n\t\t\t\t<p>N\u00ba de Documento <span class=\"wpcf7-form-control-wrap\" data-name=\"numdoc\"><input size=\"40\" maxlength=\"400\" class=\"wpcf7-form-control wpcf7-text wpcf7-validates-as-required\" aria-required=\"true\" aria-invalid=\"false\" value=\"\" type=\"text\" name=\"numdoc\" \/><\/span>\n\t\t\t\t<\/p>\n\t\t\t<\/div>\n\t\t<\/div>\n\t\t<div class=\"form-row\">\n\t\t\t<div class=\"column-half\">\n\t\t\t\t<p>Direcci\u00f3n<span class=\"wpcf7-form-control-wrap\" data-name=\"direccion\"><input size=\"40\" maxlength=\"400\" class=\"wpcf7-form-control wpcf7-text wpcf7-validates-as-required\" aria-required=\"true\" aria-invalid=\"false\" value=\"\" type=\"text\" name=\"direccion\" \/><\/span>\n\t\t\t\t<\/p>\n\t\t\t<\/div>\n\t\t\t<div class=\"column-half\">\n\t\t\t\t<p>Provincia<span class=\"wpcf7-form-control-wrap\" data-name=\"provincia\"><input size=\"40\" maxlength=\"400\" class=\"wpcf7-form-control wpcf7-text wpcf7-validates-as-required\" aria-required=\"true\" aria-invalid=\"false\" value=\"\" type=\"text\" name=\"provincia\" \/><\/span>\n\t\t\t\t<\/p>\n\t\t\t<\/div>\n\t\t<\/div>\n\t\t<div class=\"form-row\">\n\t\t\t<div class=\"column-half\">\n\t\t\t\t<p>C\u00f3digo Postal<span class=\"wpcf7-form-control-wrap\" data-name=\"codigopostal\"><input size=\"40\" maxlength=\"400\" class=\"wpcf7-form-control wpcf7-text wpcf7-validates-as-required\" aria-required=\"true\" aria-invalid=\"false\" value=\"\" type=\"text\" name=\"codigopostal\" \/><\/span>\n\t\t\t\t<\/p>\n\t\t\t<\/div>\n\t\t\t<div class=\"column-half\">\n\t\t\t\t<p>Ciudad<span class=\"wpcf7-form-control-wrap\" data-name=\"ciudad\"><input size=\"40\" maxlength=\"400\" class=\"wpcf7-form-control wpcf7-text wpcf7-validates-as-required\" aria-required=\"true\" aria-invalid=\"false\" value=\"\" type=\"text\" name=\"ciudad\" \/><\/span>\n\t\t\t\t<\/p>\n\t\t\t<\/div>\n\t\t<\/div>\n\t\t<div class=\"form-row\">\n\t\t\t<p align=\"center\">------------------------------------------------------------------------------ARCHIVOS ADJUNTOS<small>Archivos permitidos: pdf|doc|xdoc|dot|jpg - Tama\u00f1o m\u00e1ximo de archivos: 2 mb<\/small>------------------------------------------------------------------------------\n\t\t\t<\/p>\n\t\t<\/div>\n\t\t<div class=\"form-row\">\n\t\t\t<div class=\"column-half\">\n\t\t\t\t<p>Adjunt\u00e1 tu archivo con c.v. <span class=\"wpcf7-form-control-wrap\" data-name=\"file-cv\"><input size=\"40\" class=\"wpcf7-form-control wpcf7-file wpcf7-validates-as-required\" accept=\".pdf,.doc,.docx,.odt\" aria-required=\"true\" aria-invalid=\"false\" type=\"file\" name=\"file-cv\" \/><\/span>\n\t\t\t\t<\/p>\n\t\t\t<\/div>\n\t\t\t<div class=\"column-half\">\n\t\t\t\t<p>Adjunt\u00e1 tu fotograf\u00eda <span class=\"wpcf7-form-control-wrap\" data-name=\"file-foto\"><input size=\"40\" class=\"wpcf7-form-control wpcf7-file wpcf7-validates-as-required\" accept=\".jpg,.png,.gif\" aria-required=\"true\" aria-invalid=\"false\" type=\"file\" name=\"file-foto\" \/><\/span>\n\t\t\t\t<\/p>\n\t\t\t<\/div>\n\t\t<\/div>\n\t\t<div class=\"form-row\">\n\t\t\t<div class=\"column-full\">\n\t\t\t\t<p><input class=\"wpcf7-form-control wpcf7-submit has-spinner\" type=\"submit\" value=\"Enviar\" \/>\n\t\t\t\t<\/p>\n\t\t\t<\/div>\n\t\t<\/div>\n\t<\/div><!--end responsive-form-->\n<\/div><div class=\"wpcf7-response-output\" aria-hidden=\"true\"><\/div>\n<\/form>\n<\/div>\n<div class=\"w-separator size_medium\"><\/div><\/div><\/div><\/div><div class=\"vc_col-sm-2 wpb_column vc_column_container\"><div class=\"vc_column-inner\"><div class=\"wpb_wrapper\"><\/div><\/div><\/div><\/div><\/div><\/section>\n","protected":false},"excerpt":{"rendered":"Env\u00edo de Curriculum Vitae Envianos tu CV adjunto completando el siguiente formulario. Sector al que aplica &#8212;Por favor, eleg\u00ed una opci\u00f3n&#8212;Administraci\u00f3nCalidadComprasExpedici\u00f3n y log\u00edsticaMantenimientoProducci\u00f3nRecursos humanosSistemasVentasOtros Nombres Apellido Email Tel\u00e9fono Nacionalidad Celular Sexo &#8212;Por favor, eleg\u00ed una opci\u00f3n&#8212;FemeninoMasculino Fecha de Nacimiento Estado Civil &#8212;Por favor, eleg\u00ed una opci\u00f3n&#8212;Soltero\/aCasado\/aDivorciado\/aViudo\/aOtro tipo de Documento &#8212;Por favor, eleg\u00ed una opci\u00f3n&#8212;C\u00e9dulaDNILCLEPasaporteOtro N\u00ba...","protected":false},"author":1,"featured_media":0,"parent":0,"menu_order":0,"comment_status":"closed","ping_status":"closed","template":"","meta":{"footnotes":""},"class_list":["post-8191","page","type-page","status-publish","hentry"],"_links":{"self":[{"href":"https:\/\/nutreco.com.ar\/site\/wp-json\/wp\/v2\/pages\/8191","targetHints":{"allow":["GET"]}}],"collection":[{"href":"https:\/\/nutreco.com.ar\/site\/wp-json\/wp\/v2\/pages"}],"about":[{"href":"https:\/\/nutreco.com.ar\/site\/wp-json\/wp\/v2\/types\/page"}],"author":[{"embeddable":true,"href":"https:\/\/nutreco.com.ar\/site\/wp-json\/wp\/v2\/users\/1"}],"replies":[{"embeddable":true,"href":"https:\/\/nutreco.com.ar\/site\/wp-json\/wp\/v2\/comments?post=8191"}],"version-history":[{"count":12,"href":"https:\/\/nutreco.com.ar\/site\/wp-json\/wp\/v2\/pages\/8191\/revisions"}],"predecessor-version":[{"id":8228,"href":"https:\/\/nutreco.com.ar\/site\/wp-json\/wp\/v2\/pages\/8191\/revisions\/8228"}],"wp:attachment":[{"href":"https:\/\/nutreco.com.ar\/site\/wp-json\/wp\/v2\/media?parent=8191"}],"curies":[{"name":"wp","href":"https:\/\/api.w.org\/{rel}","templated":true}]}}