{"id":8145,"date":"2021-06-16T10:47:00","date_gmt":"2021-06-16T13:47:00","guid":{"rendered":"http:\/\/www.nutreco.com.ar\/site\/?page_id=8145"},"modified":"2024-10-25T16:23:46","modified_gmt":"2024-10-25T19:23:46","slug":"inocuidad-y-gestion","status":"publish","type":"page","link":"https:\/\/nutreco.com.ar\/site\/inocuidad-y-gestion\/","title":{"rendered":"Inocuidad y Gesti\u00f3n"},"content":{"rendered":"<section class=\"l-section wpb_row height_custom with_img\"><div class=\"l-section-img\" role=\"img\" data-img-width=\"1920\" data-img-height=\"500\" style=\"background-image: url(https:\/\/nutreco.com.ar\/site\/wp-content\/uploads\/2024\/10\/inocuidad-calidad-02.jpg);\"><\/div><div class=\"l-section-h i-cf\"><div class=\"g-cols vc_row via_flex valign_top type_default stacking_default\"><div class=\"vc_col-sm-12 wpb_column vc_column_container\"><div class=\"vc_column-inner\"><div class=\"wpb_wrapper\"><div class=\"wpb_text_column us_custom_22fa3828 has_text_color\"><div class=\"wpb_wrapper\"><h2 style=\"text-align: center;\">Inocuidad y Gesti\u00f3n<\/h2>\n<\/div><\/div><\/div><\/div><\/div><\/div><\/div><\/section><section class=\"l-section wpb_row height_auto\"><div class=\"l-section-h i-cf\"><div class=\"g-cols vc_row via_flex valign_top type_default stacking_default\"><div class=\"vc_col-sm-12 wpb_column vc_column_container\"><div class=\"vc_column-inner\"><div class=\"wpb_wrapper\"><div class=\"w-separator size_small\"><\/div><div class=\"wpb_text_column\"><div class=\"wpb_wrapper\"><h4 style=\"text-align: center;\">Inocuidad de los Alimentos<\/h4>\n<\/div><\/div><div class=\"w-separator size_small\"><\/div><\/div><\/div><\/div><\/div><\/div><\/section><section class=\"l-section wpb_row height_auto\"><div class=\"l-section-h i-cf\"><div class=\"g-cols vc_row via_flex valign_top type_default stacking_default\"><div class=\"vc_col-sm-6 wpb_column vc_column_container\"><div class=\"vc_column-inner\"><div class=\"wpb_wrapper\"><div class=\"wpb_text_column\"><div class=\"wpb_wrapper\"><p>Debido al crecimiento de la poblaci\u00f3n mundial, existe una mayor necesidad de productos alimenticios asequibles, inocuos y de buena calidad.<br \/>\nPara satisfacer esta necesidad, el esquema <strong>FSSC 22000<\/strong> ofrece a la industria alimentaria una plataforma que garantiza la confiabilidad de las marcas. Es clave en esta misi\u00f3n la disponibilidad del Esquema de la certificaci\u00f3n <strong>FSSC 22000<\/strong> para los sistemas de <em>gesti\u00f3n de la inocuidad de los alimentos<\/em><br \/>\nEl Esquema se basa en los siguientes est\u00e1ndares o especificaciones t\u00e9cnicas de acceso p\u00fablico:<\/p>\n<p>A partir de <strong>febrero de 2010<\/strong>, el Esquema fue sometido a una evaluaci\u00f3n comparativa por parte de la <strong>Iniciativa Mundial de Inocuidad de los Alimentos<\/strong> (GFSI, por sus siglas en ingl\u00e9s), siendo reconocido por dicha organizaci\u00f3n, lo que confirma su aceptaci\u00f3n y reconocimiento en la industria alimentaria mundial.<\/p>\n<p>El prop\u00f3sito del Esquema es garantizar el cumplimiento continuo de los requisitos internacionales de la industria alimentaria a fin de constituirse como una certificaci\u00f3n que asegura la provisi\u00f3n de alimentos inocuos por parte de las organizaciones a sus clientes.<\/p>\n<\/div><\/div><\/div><\/div><\/div><div class=\"vc_col-sm-6 wpb_column vc_column_container\"><div class=\"vc_column-inner\"><div class=\"wpb_wrapper\"><div class=\"w-image align_center us_animate_afr\" style=\"animation-delay:0.3s\"><div class=\"w-image-h\"><img decoding=\"async\" width=\"567\" height=\"334\" src=\"https:\/\/nutreco.com.ar\/site\/wp-content\/uploads\/2021\/06\/esquema-iso-22000.jpg\" class=\"attachment-large size-large\" alt=\"\" loading=\"lazy\" srcset=\"https:\/\/nutreco.com.ar\/site\/wp-content\/uploads\/2021\/06\/esquema-iso-22000.jpg 567w, https:\/\/nutreco.com.ar\/site\/wp-content\/uploads\/2021\/06\/esquema-iso-22000-300x177.jpg 300w, https:\/\/nutreco.com.ar\/site\/wp-content\/uploads\/2021\/06\/esquema-iso-22000-180x106.jpg 180w, https:\/\/nutreco.com.ar\/site\/wp-content\/uploads\/2021\/06\/esquema-iso-22000-450x265.jpg 450w, https:\/\/nutreco.com.ar\/site\/wp-content\/uploads\/2021\/06\/esquema-iso-22000-225x133.jpg 225w\" sizes=\"auto, (max-width: 567px) 100vw, 567px\" \/><\/div><\/div><\/div><\/div><\/div><\/div><\/div><\/section>\n","protected":false},"excerpt":{"rendered":"Inocuidad y Gesti\u00f3n Inocuidad de los Alimentos Debido al crecimiento de la poblaci\u00f3n mundial, existe una mayor necesidad de productos alimenticios asequibles, inocuos y de buena calidad. Para satisfacer esta necesidad, el esquema FSSC 22000 ofrece a la industria alimentaria una plataforma que garantiza la confiabilidad de las marcas. Es clave en esta misi\u00f3n la...","protected":false},"author":2,"featured_media":0,"parent":0,"menu_order":0,"comment_status":"closed","ping_status":"closed","template":"","meta":{"footnotes":""},"class_list":["post-8145","page","type-page","status-publish","hentry"],"_links":{"self":[{"href":"https:\/\/nutreco.com.ar\/site\/wp-json\/wp\/v2\/pages\/8145","targetHints":{"allow":["GET"]}}],"collection":[{"href":"https:\/\/nutreco.com.ar\/site\/wp-json\/wp\/v2\/pages"}],"about":[{"href":"https:\/\/nutreco.com.ar\/site\/wp-json\/wp\/v2\/types\/page"}],"author":[{"embeddable":true,"href":"https:\/\/nutreco.com.ar\/site\/wp-json\/wp\/v2\/users\/2"}],"replies":[{"embeddable":true,"href":"https:\/\/nutreco.com.ar\/site\/wp-json\/wp\/v2\/comments?post=8145"}],"version-history":[{"count":7,"href":"https:\/\/nutreco.com.ar\/site\/wp-json\/wp\/v2\/pages\/8145\/revisions"}],"predecessor-version":[{"id":8148,"href":"https:\/\/nutreco.com.ar\/site\/wp-json\/wp\/v2\/pages\/8145\/revisions\/8148"}],"wp:attachment":[{"href":"https:\/\/nutreco.com.ar\/site\/wp-json\/wp\/v2\/media?parent=8145"}],"curies":[{"name":"wp","href":"https:\/\/api.w.org\/{rel}","templated":true}]}}