{"id":7767,"date":"2020-12-08T15:41:30","date_gmt":"2020-12-08T18:41:30","guid":{"rendered":"http:\/\/www.nutreco.com.ar\/site\/?page_id=7767"},"modified":"2024-10-25T16:16:00","modified_gmt":"2024-10-25T19:16:00","slug":"sustentabilidad","status":"publish","type":"page","link":"https:\/\/nutreco.com.ar\/site\/sustentabilidad\/","title":{"rendered":"Sustentabilidad"},"content":{"rendered":"<section class=\"l-section wpb_row height_medium width_full with_img\"><div class=\"l-section-img\" role=\"img\" data-img-width=\"1920\" data-img-height=\"500\" style=\"background-image: url(https:\/\/nutreco.com.ar\/site\/wp-content\/uploads\/2020\/12\/sustentabilidad_cabecera.jpg);\"><\/div><div class=\"l-section-h i-cf\"><div class=\"g-cols vc_row via_flex valign_top type_default stacking_default\"><div class=\"vc_col-sm-12 wpb_column vc_column_container\"><div class=\"vc_column-inner\"><div class=\"wpb_wrapper\"><div class=\"wpb_text_column us_custom_22fa3828 has_text_color\"><div class=\"wpb_wrapper\"><h2 style=\"text-align: center;\">Sustentabilidad<\/h2>\n<\/div><\/div><\/div><\/div><\/div><\/div><\/div><\/section><section class=\"l-section wpb_row height_custom\"><div class=\"l-section-h i-cf\"><div class=\"g-cols vc_row via_flex valign_top type_default stacking_default\"><div class=\"vc_col-sm-12 wpb_column vc_column_container\"><div class=\"vc_column-inner\"><div class=\"wpb_wrapper\"><div class=\"wpb_text_column\"><div class=\"wpb_wrapper\"><h4>\u00bfQu\u00e9 es sustentabilidad para nosotros?<\/h4>\n<\/div><\/div><div class=\"w-separator size_small\"><\/div><div class=\"wpb_text_column\"><div class=\"wpb_wrapper\"><p style=\"text-align: left;\"><strong>Nuestra Empresa<\/strong> se direcciona bajo la l\u00ednea de <strong>sustentabilidad<\/strong>, por eso nos definimos como una Empresa con cualidad de sustentable.<br \/>\nEn este sentido, desde los comienzos de <strong>Nutreco Alimentos S.A.<\/strong> nos comprometimos con la sustentabilidad a trav\u00e9s de un uso consciente y responsable de los recursos, sin agotarlos o exceder su capacidad de renovaci\u00f3n, y sin comprometer el acceso a estos por parte de las generaciones futuras.<\/p>\n<\/div><\/div><div class=\"w-separator size_small\"><\/div><div class=\"wpb_text_column us_custom_2276a2dd has_text_color\"><div class=\"wpb_wrapper\"><h5>El desarrollo sustentable supone la administraci\u00f3n responsable y eficiente de los recursos naturales de cara al futuro. Implica la conservaci\u00f3n del equilibrio ecol\u00f3gico sin dejar de lado el progreso material.<\/h5>\n<\/div><\/div><\/div><\/div><\/div><\/div><\/div><\/section><section class=\"l-section wpb_row height_small\"><div class=\"l-section-overlay\" style=\"background:var(--color-content-bg-alt)\"><\/div><div class=\"l-section-h i-cf\"><div class=\"g-cols vc_row via_flex valign_top type_default stacking_default\"><div class=\"vc_col-sm-12 wpb_column vc_column_container\"><div class=\"vc_column-inner\"><div class=\"wpb_wrapper\"><div class=\"wpb_text_column\"><div class=\"wpb_wrapper\"><h4 style=\"text-align: left;\">Recursos H\u00eddricos<\/h4>\n<\/div><\/div><div class=\"w-separator size_small\"><\/div><div class=\"wpb_text_column\"><div class=\"wpb_wrapper\"><p>Actualmente, evaluamos el grado de aprovechamiento del agua que extraemos de las napas y el grado de utilizaci\u00f3n del recurso h\u00eddrico en funci\u00f3n de la reposici\u00f3n del agua a las napas de donde se extrae. Esto nos permite proteger el recurso natural, que es la materia prima de todos nuestros productos y de toda la comunidad que la rodea.<\/p>\n<\/div><\/div><\/div><\/div><\/div><\/div><\/div><\/section><section class=\"l-section wpb_row height_auto width_full color_secondary\"><div class=\"l-section-h i-cf\"><div class=\"g-cols vc_row via_flex valign_top type_default stacking_default\"><div class=\"vc_col-sm-12 wpb_column vc_column_container\"><div class=\"vc_column-inner\"><div class=\"wpb_wrapper\"><div class=\"w-image align_center us_animate_fade\"><div class=\"w-image-h\"><img decoding=\"async\" width=\"1680\" height=\"500\" src=\"https:\/\/nutreco.com.ar\/site\/wp-content\/uploads\/2021\/06\/acuifero-02.jpg\" class=\"attachment-full size-full\" alt=\"\" loading=\"lazy\" srcset=\"https:\/\/nutreco.com.ar\/site\/wp-content\/uploads\/2021\/06\/acuifero-02.jpg 1680w, https:\/\/nutreco.com.ar\/site\/wp-content\/uploads\/2021\/06\/acuifero-02-300x89.jpg 300w, https:\/\/nutreco.com.ar\/site\/wp-content\/uploads\/2021\/06\/acuifero-02-1024x305.jpg 1024w, https:\/\/nutreco.com.ar\/site\/wp-content\/uploads\/2021\/06\/acuifero-02-1536x457.jpg 1536w, https:\/\/nutreco.com.ar\/site\/wp-content\/uploads\/2021\/06\/acuifero-02-180x54.jpg 180w, https:\/\/nutreco.com.ar\/site\/wp-content\/uploads\/2021\/06\/acuifero-02-600x179.jpg 600w, https:\/\/nutreco.com.ar\/site\/wp-content\/uploads\/2021\/06\/acuifero-02-450x134.jpg 450w, https:\/\/nutreco.com.ar\/site\/wp-content\/uploads\/2021\/06\/acuifero-02-225x67.jpg 225w\" sizes=\"auto, (max-width: 1680px) 100vw, 1680px\" \/><\/div><\/div><\/div><\/div><\/div><\/div><\/div><\/section><section class=\"l-section wpb_row height_small\"><div class=\"l-section-h i-cf\"><div class=\"g-cols vc_row via_flex valign_top type_default stacking_default\"><div class=\"vc_col-sm-12 wpb_column vc_column_container\"><div class=\"vc_column-inner\"><div class=\"wpb_wrapper\"><div class=\"wpb_text_column\"><div class=\"wpb_wrapper\"><h4 style=\"text-align: left;\">Gesti\u00f3n de Residuos y Eficiencia Energ\u00e9tica<\/h4>\n<\/div><\/div><div class=\"w-separator size_small\"><\/div><div class=\"g-cols wpb_row via_flex valign_top type_default stacking_default\"><div class=\"vc_col-sm-12 wpb_column vc_column_container\"><div class=\"vc_column-inner\"><div class=\"wpb_wrapper\"><div class=\"wpb_text_column\"><div class=\"wpb_wrapper\"><p>Tenemos como objetivo reducir la disposici\u00f3n final de residuos y utilizar a trav\u00e9s de diversas organizaciones la opci\u00f3n de reciclado.<br \/>\nActualmente, tenemos como meta que el 50% de nuestros residuos generados sean reciclados y aprovechados.<\/p>\n<p>Estamos superando ampliamente este objetivo propuesto, alcanzando actualmente un 79% de residuos reciclados.<\/p>\n<p>La eficiencia de planta en el uso de la energ\u00eda es uno de nuestros indicadores de sustentabilidad. A lo largo de los a\u00f1os, venimos alcanzando el objetivo propuesto de producir 23 lts de producto terminado por cada kWh consumido.<\/p>\n<\/div><\/div><\/div><\/div><\/div><\/div><\/div><\/div><\/div><\/div><\/div><\/section><section class=\"l-section wpb_row height_auto\"><div class=\"l-section-h i-cf\"><div class=\"g-cols vc_row via_flex valign_top type_default stacking_default\"><div class=\"vc_col-sm-12 wpb_column vc_column_container\"><div class=\"vc_column-inner\"><div class=\"wpb_wrapper\"><div class=\"wpb_text_column\"><div class=\"wpb_wrapper\"><h4 style=\"text-align: left;\">Menos PET m\u00e1s Vida<\/h4>\n<\/div><\/div><div class=\"w-separator size_small\"><\/div><div class=\"wpb_text_column\"><div class=\"wpb_wrapper\"><p>Nos esforzamos en reducir la cantidad de Pet utilizado en nuestros productos, desde la fabricaci\u00f3n hasta el empaque necesario para el trasporte. En el 2018, la nueva adquisici\u00f3n de la linea para aguas puras, nos permiti\u00f3 reducir en un 10 % el peso de la botella en los formatos de 600 ml y 2 litros.<\/p>\n<\/div><\/div><div class=\"w-separator size_small\"><\/div><\/div><\/div><\/div><\/div><\/div><\/section><section class=\"l-section wpb_row height_auto\"><div class=\"l-section-overlay\" style=\"background:#6bcff6\"><\/div><div class=\"l-section-h i-cf\"><div class=\"g-cols vc_row via_flex valign_top type_default stacking_default\"><div class=\"vc_col-sm-10 wpb_column vc_column_container\"><div class=\"vc_column-inner\"><div class=\"wpb_wrapper\"><div class=\"g-cols wpb_row via_flex valign_top type_default stacking_default\"><div class=\"vc_col-sm-3 wpb_column vc_column_container\"><div class=\"vc_column-inner\"><div class=\"wpb_wrapper\"><\/div><\/div><\/div><div class=\"vc_col-sm-9 wpb_column vc_column_container\"><div class=\"vc_column-inner\"><div class=\"wpb_wrapper\"><div class=\"w-separator size_small\"><\/div><div class=\"wpb_text_column us_custom_d44d8758 has_text_color\"><div class=\"wpb_wrapper\"><h4 style=\"text-align: center;\"><strong>Menos PET en los envases<br \/>\n<\/strong><strong>para cuidar nuestro planeta<\/strong><\/h4>\n<\/div><\/div><div class=\"w-separator size_small\"><\/div><\/div><\/div><\/div><\/div><\/div><\/div><\/div><div class=\"vc_col-sm-2 wpb_column vc_column_container\"><div class=\"vc_column-inner\"><div class=\"wpb_wrapper\"><div class=\"w-image align_center\"><div class=\"w-image-h\"><img decoding=\"async\" width=\"200\" height=\"200\" src=\"https:\/\/nutreco.com.ar\/site\/wp-content\/uploads\/2020\/10\/menosPet_gris.png\" class=\"attachment-full size-full\" alt=\"menos pet mas vida\" loading=\"lazy\" srcset=\"https:\/\/nutreco.com.ar\/site\/wp-content\/uploads\/2020\/10\/menosPet_gris.png 200w, https:\/\/nutreco.com.ar\/site\/wp-content\/uploads\/2020\/10\/menosPet_gris-150x150.png 150w\" sizes=\"auto, (max-width: 200px) 100vw, 200px\" \/><\/div><\/div><\/div><\/div><\/div><\/div><\/div><\/section><section class=\"l-section wpb_row height_small\"><div class=\"l-section-overlay\" style=\"background:var(--color-content-bg-alt)\"><\/div><div class=\"l-section-h i-cf\"><div class=\"g-cols vc_row via_flex valign_top type_default stacking_default\"><div class=\"vc_col-sm-12 wpb_column vc_column_container\"><div class=\"vc_column-inner\"><div class=\"wpb_wrapper\"><div class=\"wpb_text_column\"><div class=\"wpb_wrapper\"><h4 style=\"text-align: left;\">El Agua que te Cuida<\/h4>\n<\/div><\/div><div class=\"w-separator size_small\"><\/div><div class=\"wpb_text_column\"><div class=\"wpb_wrapper\"><p>Hemos participado durante la \u00faltima d\u00e9cada de las principales carreras y maratones que se han realizado en la Rep\u00fablica Argentina, hidratando a miles de deportistas profesionales y amateurs, con nuestras aguas minerales naturales Sierra de los Padres.<\/p>\n<\/div><\/div><\/div><\/div><\/div><\/div><\/div><\/section><section class=\"l-section wpb_row height_auto width_full color_secondary\"><div class=\"l-section-h i-cf\"><div class=\"g-cols vc_row via_flex valign_top type_default stacking_default\"><div class=\"vc_col-sm-12 wpb_column vc_column_container\"><div class=\"vc_column-inner\"><div class=\"wpb_wrapper\"><div class=\"w-image align_center us_animate_fade\"><div class=\"w-image-h\"><img decoding=\"async\" width=\"1680\" height=\"500\" src=\"https:\/\/nutreco.com.ar\/site\/wp-content\/uploads\/2021\/03\/carrera_BsAsSUR.jpg\" class=\"attachment-full size-full\" alt=\"\" loading=\"lazy\" srcset=\"https:\/\/nutreco.com.ar\/site\/wp-content\/uploads\/2021\/03\/carrera_BsAsSUR.jpg 1680w, https:\/\/nutreco.com.ar\/site\/wp-content\/uploads\/2021\/03\/carrera_BsAsSUR-300x89.jpg 300w, https:\/\/nutreco.com.ar\/site\/wp-content\/uploads\/2021\/03\/carrera_BsAsSUR-1024x305.jpg 1024w, https:\/\/nutreco.com.ar\/site\/wp-content\/uploads\/2021\/03\/carrera_BsAsSUR-1536x457.jpg 1536w, https:\/\/nutreco.com.ar\/site\/wp-content\/uploads\/2021\/03\/carrera_BsAsSUR-180x54.jpg 180w, https:\/\/nutreco.com.ar\/site\/wp-content\/uploads\/2021\/03\/carrera_BsAsSUR-600x179.jpg 600w, https:\/\/nutreco.com.ar\/site\/wp-content\/uploads\/2021\/03\/carrera_BsAsSUR-450x134.jpg 450w, https:\/\/nutreco.com.ar\/site\/wp-content\/uploads\/2021\/03\/carrera_BsAsSUR-225x67.jpg 225w\" sizes=\"auto, (max-width: 1680px) 100vw, 1680px\" \/><\/div><\/div><\/div><\/div><\/div><\/div><\/div><\/section>\n","protected":false},"excerpt":{"rendered":"Sustentabilidad \u00bfQu\u00e9 es sustentabilidad para nosotros? Nuestra Empresa se direcciona bajo la l\u00ednea de sustentabilidad, por eso nos definimos como una Empresa con cualidad de sustentable. En este sentido, desde los comienzos de Nutreco Alimentos S.A. nos comprometimos con la sustentabilidad a trav\u00e9s de un uso consciente y responsable de los recursos, sin agotarlos o...","protected":false},"author":1,"featured_media":0,"parent":0,"menu_order":0,"comment_status":"closed","ping_status":"closed","template":"","meta":{"footnotes":""},"class_list":["post-7767","page","type-page","status-publish","hentry"],"_links":{"self":[{"href":"https:\/\/nutreco.com.ar\/site\/wp-json\/wp\/v2\/pages\/7767","targetHints":{"allow":["GET"]}}],"collection":[{"href":"https:\/\/nutreco.com.ar\/site\/wp-json\/wp\/v2\/pages"}],"about":[{"href":"https:\/\/nutreco.com.ar\/site\/wp-json\/wp\/v2\/types\/page"}],"author":[{"embeddable":true,"href":"https:\/\/nutreco.com.ar\/site\/wp-json\/wp\/v2\/users\/1"}],"replies":[{"embeddable":true,"href":"https:\/\/nutreco.com.ar\/site\/wp-json\/wp\/v2\/comments?post=7767"}],"version-history":[{"count":39,"href":"https:\/\/nutreco.com.ar\/site\/wp-json\/wp\/v2\/pages\/7767\/revisions"}],"predecessor-version":[{"id":9763,"href":"https:\/\/nutreco.com.ar\/site\/wp-json\/wp\/v2\/pages\/7767\/revisions\/9763"}],"wp:attachment":[{"href":"https:\/\/nutreco.com.ar\/site\/wp-json\/wp\/v2\/media?parent=7767"}],"curies":[{"name":"wp","href":"https:\/\/api.w.org\/{rel}","templated":true}]}}