{"id":7230,"date":"2020-10-19T12:06:00","date_gmt":"2020-10-19T15:06:00","guid":{"rendered":"http:\/\/www.nutreco.com.ar\/site\/?page_id=7230"},"modified":"2022-02-18T12:44:16","modified_gmt":"2022-02-18T15:44:16","slug":"novedades","status":"publish","type":"page","link":"https:\/\/nutreco.com.ar\/site\/novedades\/","title":{"rendered":"Novedades"},"content":{"rendered":"<section class=\"l-section wpb_row height_medium width_full with_img\"><div class=\"l-section-img\" role=\"img\" data-img-width=\"1920\" data-img-height=\"500\" style=\"background-image: url(https:\/\/nutreco.com.ar\/site\/wp-content\/uploads\/2020\/11\/contacto-03.jpg);\"><\/div><div class=\"l-section-h i-cf\"><div class=\"g-cols vc_row via_flex valign_top type_default stacking_default\"><div class=\"vc_col-sm-12 wpb_column vc_column_container\"><div class=\"vc_column-inner\"><div class=\"wpb_wrapper\"><div class=\"wpb_text_column us_custom_22fa3828 has_text_color\"><div class=\"wpb_wrapper\"><h2 style=\"text-align: center;\">Novedades<\/h2>\n<\/div><\/div><\/div><\/div><\/div><\/div><\/div><\/section><section class=\"l-section wpb_row height_custom\"><div class=\"l-section-h i-cf\"><div class=\"g-cols vc_row via_flex valign_top type_default stacking_default\"><div class=\"vc_col-sm-12 wpb_column vc_column_container\"><div class=\"vc_column-inner\"><div class=\"wpb_wrapper\"><div class=\"w-grid type_grid layout_blog_1 cols_4 pagination_infinite\" id=\"us_grid_1\" style=\"--columns:4;--gap:1.5rem;\" data-filterable=\"true\"><style>@media (max-width:1280px){#us_grid_1{--columns:3!important}}@media (max-width:1024px){#us_grid_1{--columns:2!important}}@media (max-width:600px){#us_grid_1{--columns:1!important}}.layout_blog_1 .w-grid-item-h{}.layout_blog_1 .usg_post_image_1{margin-bottom:0.5rem!important}.layout_blog_1 .usg_post_title_1{font-size:1rem!important}<\/style><div class=\"w-grid-list\">\t<article class=\"w-grid-item size_1x1 post-10454 post type-post status-publish format-standard has-post-thumbnail hentry category-novedades\" data-id=\"10454\">\r\n\t\t<div class=\"w-grid-item-h\">\r\n\t\t\t\t\t\t<div class=\"w-post-elm post_image usg_post_image_1 stretched\"><a href=\"https:\/\/nutreco.com.ar\/site\/cronograma-de-carreras-2026\/\" aria-label=\"Cronograma de Carreras 2026\"><img loading=\"lazy\" decoding=\"async\" width=\"1024\" height=\"683\" src=\"https:\/\/nutreco.com.ar\/site\/wp-content\/uploads\/2026\/02\/novedad_cronogramaCarreras-1024x683.webp\" class=\"attachment-large size-large wp-post-image\" alt=\"\" srcset=\"https:\/\/nutreco.com.ar\/site\/wp-content\/uploads\/2026\/02\/novedad_cronogramaCarreras-1024x683.webp 1024w, https:\/\/nutreco.com.ar\/site\/wp-content\/uploads\/2026\/02\/novedad_cronogramaCarreras-300x200.webp 300w, https:\/\/nutreco.com.ar\/site\/wp-content\/uploads\/2026\/02\/novedad_cronogramaCarreras-600x400.webp 600w, https:\/\/nutreco.com.ar\/site\/wp-content\/uploads\/2026\/02\/novedad_cronogramaCarreras-1536x1024.webp 1536w, https:\/\/nutreco.com.ar\/site\/wp-content\/uploads\/2026\/02\/novedad_cronogramaCarreras-180x120.webp 180w, https:\/\/nutreco.com.ar\/site\/wp-content\/uploads\/2026\/02\/novedad_cronogramaCarreras-450x300.webp 450w, https:\/\/nutreco.com.ar\/site\/wp-content\/uploads\/2026\/02\/novedad_cronogramaCarreras-225x150.webp 225w, https:\/\/nutreco.com.ar\/site\/wp-content\/uploads\/2026\/02\/novedad_cronogramaCarreras-500x333.webp 500w, https:\/\/nutreco.com.ar\/site\/wp-content\/uploads\/2026\/02\/novedad_cronogramaCarreras-75x50.webp 75w, https:\/\/nutreco.com.ar\/site\/wp-content\/uploads\/2026\/02\/novedad_cronogramaCarreras.webp 1800w\" sizes=\"auto, (max-width: 1024px) 100vw, 1024px\" \/><\/a><\/div><h2 class=\"w-post-elm post_title usg_post_title_1 entry-title color_link_inherit\"><a href=\"https:\/\/nutreco.com.ar\/site\/cronograma-de-carreras-2026\/\">Cronograma de Carreras 2026<\/a><\/h2>\t\t<\/div>\r\n\t\t\t<\/article>\r\n\t<article class=\"w-grid-item size_1x1 post-10079 post type-post status-publish format-standard has-post-thumbnail hentry category-novedades\" data-id=\"10079\">\r\n\t\t<div class=\"w-grid-item-h\">\r\n\t\t\t\t\t\t<div class=\"w-post-elm post_image usg_post_image_1 stretched\"><a href=\"https:\/\/nutreco.com.ar\/site\/busqueda-laboral\/\" aria-label=\"Busqueda Laboral\"><img loading=\"lazy\" decoding=\"async\" width=\"1024\" height=\"683\" src=\"https:\/\/nutreco.com.ar\/site\/wp-content\/uploads\/2025\/07\/busquedaLaboral-1024x683.jpg\" class=\"attachment-large size-large wp-post-image\" alt=\"\" srcset=\"https:\/\/nutreco.com.ar\/site\/wp-content\/uploads\/2025\/07\/busquedaLaboral-1024x683.jpg 1024w, https:\/\/nutreco.com.ar\/site\/wp-content\/uploads\/2025\/07\/busquedaLaboral-300x200.jpg 300w, https:\/\/nutreco.com.ar\/site\/wp-content\/uploads\/2025\/07\/busquedaLaboral-600x400.jpg 600w, https:\/\/nutreco.com.ar\/site\/wp-content\/uploads\/2025\/07\/busquedaLaboral-1536x1024.jpg 1536w, https:\/\/nutreco.com.ar\/site\/wp-content\/uploads\/2025\/07\/busquedaLaboral-180x120.jpg 180w, https:\/\/nutreco.com.ar\/site\/wp-content\/uploads\/2025\/07\/busquedaLaboral-450x300.jpg 450w, https:\/\/nutreco.com.ar\/site\/wp-content\/uploads\/2025\/07\/busquedaLaboral-225x150.jpg 225w, https:\/\/nutreco.com.ar\/site\/wp-content\/uploads\/2025\/07\/busquedaLaboral.jpg 1800w\" sizes=\"auto, (max-width: 1024px) 100vw, 1024px\" \/><\/a><\/div><h2 class=\"w-post-elm post_title usg_post_title_1 entry-title color_link_inherit\"><a href=\"https:\/\/nutreco.com.ar\/site\/busqueda-laboral\/\">Busqueda Laboral<\/a><\/h2>\t\t<\/div>\r\n\t\t\t<\/article>\r\n\t<article class=\"w-grid-item size_1x1 post-10427 post type-post status-publish format-standard has-post-thumbnail hentry category-novedades\" data-id=\"10427\">\r\n\t\t<div class=\"w-grid-item-h\">\r\n\t\t\t\t\t\t<div class=\"w-post-elm post_image usg_post_image_1 stretched\"><a href=\"https:\/\/nutreco.com.ar\/site\/temporada-de-licuados-2026\/\" aria-label=\"Temporada de Licuados 2026\"><img loading=\"lazy\" decoding=\"async\" width=\"1024\" height=\"683\" src=\"https:\/\/nutreco.com.ar\/site\/wp-content\/uploads\/2023\/10\/novedades_temporadaDeLicuados_oct2023-1024x683.png\" class=\"attachment-large size-large wp-post-image\" alt=\"\" srcset=\"https:\/\/nutreco.com.ar\/site\/wp-content\/uploads\/2023\/10\/novedades_temporadaDeLicuados_oct2023-1024x683.png 1024w, https:\/\/nutreco.com.ar\/site\/wp-content\/uploads\/2023\/10\/novedades_temporadaDeLicuados_oct2023-300x200.png 300w, https:\/\/nutreco.com.ar\/site\/wp-content\/uploads\/2023\/10\/novedades_temporadaDeLicuados_oct2023-600x400.png 600w, https:\/\/nutreco.com.ar\/site\/wp-content\/uploads\/2023\/10\/novedades_temporadaDeLicuados_oct2023-1536x1024.png 1536w, https:\/\/nutreco.com.ar\/site\/wp-content\/uploads\/2023\/10\/novedades_temporadaDeLicuados_oct2023-180x120.png 180w, https:\/\/nutreco.com.ar\/site\/wp-content\/uploads\/2023\/10\/novedades_temporadaDeLicuados_oct2023-450x300.png 450w, https:\/\/nutreco.com.ar\/site\/wp-content\/uploads\/2023\/10\/novedades_temporadaDeLicuados_oct2023.png 1800w\" sizes=\"auto, (max-width: 1024px) 100vw, 1024px\" \/><\/a><\/div><h2 class=\"w-post-elm post_title usg_post_title_1 entry-title color_link_inherit\"><a href=\"https:\/\/nutreco.com.ar\/site\/temporada-de-licuados-2026\/\">Temporada de Licuados 2026<\/a><\/h2>\t\t<\/div>\r\n\t\t\t<\/article>\r\n\t<article class=\"w-grid-item size_1x1 post-10349 post type-post status-publish format-standard has-post-thumbnail hentry category-novedades\" data-id=\"10349\">\r\n\t\t<div class=\"w-grid-item-h\">\r\n\t\t\t\t\t\t<div class=\"w-post-elm post_image usg_post_image_1 stretched\"><a href=\"https:\/\/nutreco.com.ar\/site\/nueva-sierra-mas-con-probioticos\/\" aria-label=\"Sierra M\u00e1s con Probi\u00f3ticos\"><img loading=\"lazy\" decoding=\"async\" width=\"1024\" height=\"683\" src=\"https:\/\/nutreco.com.ar\/site\/wp-content\/uploads\/2025\/11\/novedad_sierraMas-1024x683.webp\" class=\"attachment-large size-large wp-post-image\" alt=\"\" srcset=\"https:\/\/nutreco.com.ar\/site\/wp-content\/uploads\/2025\/11\/novedad_sierraMas-1024x683.webp 1024w, https:\/\/nutreco.com.ar\/site\/wp-content\/uploads\/2025\/11\/novedad_sierraMas-300x200.webp 300w, https:\/\/nutreco.com.ar\/site\/wp-content\/uploads\/2025\/11\/novedad_sierraMas-600x400.webp 600w, https:\/\/nutreco.com.ar\/site\/wp-content\/uploads\/2025\/11\/novedad_sierraMas-1536x1024.webp 1536w, https:\/\/nutreco.com.ar\/site\/wp-content\/uploads\/2025\/11\/novedad_sierraMas-180x120.webp 180w, https:\/\/nutreco.com.ar\/site\/wp-content\/uploads\/2025\/11\/novedad_sierraMas-450x300.webp 450w, https:\/\/nutreco.com.ar\/site\/wp-content\/uploads\/2025\/11\/novedad_sierraMas-225x150.webp 225w, https:\/\/nutreco.com.ar\/site\/wp-content\/uploads\/2025\/11\/novedad_sierraMas.webp 1800w\" sizes=\"auto, (max-width: 1024px) 100vw, 1024px\" \/><\/a><\/div><h2 class=\"w-post-elm post_title usg_post_title_1 entry-title color_link_inherit\"><a href=\"https:\/\/nutreco.com.ar\/site\/nueva-sierra-mas-con-probioticos\/\">Sierra M\u00e1s con Probi\u00f3ticos<\/a><\/h2>\t\t<\/div>\r\n\t\t\t<\/article>\r\n\t<article class=\"w-grid-item size_1x1 post-10313 post type-post status-publish format-standard has-post-thumbnail hentry category-novedades\" data-id=\"10313\">\r\n\t\t<div class=\"w-grid-item-h\">\r\n\t\t\t\t\t\t<div class=\"w-post-elm post_image usg_post_image_1 stretched\"><a href=\"https:\/\/nutreco.com.ar\/site\/dia-mundial-de-la-calidad-alimentaria\/\" aria-label=\"D\u00eda Mundial de la Calidad Alimentaria\"><img loading=\"lazy\" decoding=\"async\" width=\"1024\" height=\"683\" src=\"https:\/\/nutreco.com.ar\/site\/wp-content\/uploads\/2025\/11\/novedad_calidadAlimentaria.-02-1024x683.webp\" class=\"attachment-large size-large wp-post-image\" alt=\"\" srcset=\"https:\/\/nutreco.com.ar\/site\/wp-content\/uploads\/2025\/11\/novedad_calidadAlimentaria.-02-1024x683.webp 1024w, https:\/\/nutreco.com.ar\/site\/wp-content\/uploads\/2025\/11\/novedad_calidadAlimentaria.-02-300x200.webp 300w, https:\/\/nutreco.com.ar\/site\/wp-content\/uploads\/2025\/11\/novedad_calidadAlimentaria.-02-600x400.webp 600w, https:\/\/nutreco.com.ar\/site\/wp-content\/uploads\/2025\/11\/novedad_calidadAlimentaria.-02-1536x1024.webp 1536w, https:\/\/nutreco.com.ar\/site\/wp-content\/uploads\/2025\/11\/novedad_calidadAlimentaria.-02-180x120.webp 180w, https:\/\/nutreco.com.ar\/site\/wp-content\/uploads\/2025\/11\/novedad_calidadAlimentaria.-02-450x300.webp 450w, https:\/\/nutreco.com.ar\/site\/wp-content\/uploads\/2025\/11\/novedad_calidadAlimentaria.-02-225x150.webp 225w, https:\/\/nutreco.com.ar\/site\/wp-content\/uploads\/2025\/11\/novedad_calidadAlimentaria.-02.webp 1800w\" sizes=\"auto, (max-width: 1024px) 100vw, 1024px\" \/><\/a><\/div><h2 class=\"w-post-elm post_title usg_post_title_1 entry-title color_link_inherit\"><a href=\"https:\/\/nutreco.com.ar\/site\/dia-mundial-de-la-calidad-alimentaria\/\">D\u00eda Mundial de la Calidad Alimentaria<\/a><\/h2>\t\t<\/div>\r\n\t\t\t<\/article>\r\n\t<article class=\"w-grid-item size_1x1 post-10295 post type-post status-publish format-standard has-post-thumbnail hentry category-novedades\" data-id=\"10295\">\r\n\t\t<div class=\"w-grid-item-h\">\r\n\t\t\t\t\t\t<div class=\"w-post-elm post_image usg_post_image_1 stretched\"><a href=\"https:\/\/nutreco.com.ar\/site\/adoptar-habitos-saludables\/\" aria-label=\"Adoptar h\u00e1bitos saludables\"><img loading=\"lazy\" decoding=\"async\" width=\"1024\" height=\"683\" src=\"https:\/\/nutreco.com.ar\/site\/wp-content\/uploads\/2023\/11\/novedad_habitos-saludables-1024x683.png\" class=\"attachment-large size-large wp-post-image\" alt=\"\" srcset=\"https:\/\/nutreco.com.ar\/site\/wp-content\/uploads\/2023\/11\/novedad_habitos-saludables-1024x683.png 1024w, https:\/\/nutreco.com.ar\/site\/wp-content\/uploads\/2023\/11\/novedad_habitos-saludables-300x200.png 300w, https:\/\/nutreco.com.ar\/site\/wp-content\/uploads\/2023\/11\/novedad_habitos-saludables-600x400.png 600w, https:\/\/nutreco.com.ar\/site\/wp-content\/uploads\/2023\/11\/novedad_habitos-saludables-1536x1024.png 1536w, https:\/\/nutreco.com.ar\/site\/wp-content\/uploads\/2023\/11\/novedad_habitos-saludables-180x120.png 180w, https:\/\/nutreco.com.ar\/site\/wp-content\/uploads\/2023\/11\/novedad_habitos-saludables-450x300.png 450w, https:\/\/nutreco.com.ar\/site\/wp-content\/uploads\/2023\/11\/novedad_habitos-saludables.png 1800w\" sizes=\"auto, (max-width: 1024px) 100vw, 1024px\" \/><\/a><\/div><h2 class=\"w-post-elm post_title usg_post_title_1 entry-title color_link_inherit\"><a href=\"https:\/\/nutreco.com.ar\/site\/adoptar-habitos-saludables\/\">Adoptar h\u00e1bitos saludables<\/a><\/h2>\t\t<\/div>\r\n\t\t\t<\/article>\r\n\t<article class=\"w-grid-item size_1x1 post-10249 post type-post status-publish format-standard has-post-thumbnail hentry category-novedades\" data-id=\"10249\">\r\n\t\t<div class=\"w-grid-item-h\">\r\n\t\t\t\t\t\t<div class=\"w-post-elm post_image usg_post_image_1 stretched\"><a href=\"https:\/\/nutreco.com.ar\/site\/tips-primavera-saludable\/\" aria-label=\"Primavera Saludable\"><img loading=\"lazy\" decoding=\"async\" width=\"1024\" height=\"683\" src=\"https:\/\/nutreco.com.ar\/site\/wp-content\/uploads\/2025\/09\/novedad_septiembreSaludable_04-1024x683.webp\" class=\"attachment-large size-large wp-post-image\" alt=\"\" srcset=\"https:\/\/nutreco.com.ar\/site\/wp-content\/uploads\/2025\/09\/novedad_septiembreSaludable_04-1024x683.webp 1024w, https:\/\/nutreco.com.ar\/site\/wp-content\/uploads\/2025\/09\/novedad_septiembreSaludable_04-300x200.webp 300w, https:\/\/nutreco.com.ar\/site\/wp-content\/uploads\/2025\/09\/novedad_septiembreSaludable_04-600x400.webp 600w, https:\/\/nutreco.com.ar\/site\/wp-content\/uploads\/2025\/09\/novedad_septiembreSaludable_04-1536x1024.webp 1536w, https:\/\/nutreco.com.ar\/site\/wp-content\/uploads\/2025\/09\/novedad_septiembreSaludable_04-180x120.webp 180w, https:\/\/nutreco.com.ar\/site\/wp-content\/uploads\/2025\/09\/novedad_septiembreSaludable_04-450x300.webp 450w, https:\/\/nutreco.com.ar\/site\/wp-content\/uploads\/2025\/09\/novedad_septiembreSaludable_04-225x150.webp 225w, https:\/\/nutreco.com.ar\/site\/wp-content\/uploads\/2025\/09\/novedad_septiembreSaludable_04.webp 1800w\" sizes=\"auto, (max-width: 1024px) 100vw, 1024px\" \/><\/a><\/div><h2 class=\"w-post-elm post_title usg_post_title_1 entry-title color_link_inherit\"><a href=\"https:\/\/nutreco.com.ar\/site\/tips-primavera-saludable\/\">Primavera Saludable<\/a><\/h2>\t\t<\/div>\r\n\t\t\t<\/article>\r\n\t<article class=\"w-grid-item size_1x1 post-10055 post type-post status-publish format-standard has-post-thumbnail hentry category-novedades\" data-id=\"10055\">\r\n\t\t<div class=\"w-grid-item-h\">\r\n\t\t\t\t\t\t<div class=\"w-post-elm post_image usg_post_image_1 stretched\"><a href=\"https:\/\/nutreco.com.ar\/site\/tips-para-mejorar-rendimiento-en-carreras\/\" aria-label=\"Tips para mejorar el rendimiento en carreras\"><img loading=\"lazy\" decoding=\"async\" width=\"1024\" height=\"683\" src=\"https:\/\/nutreco.com.ar\/site\/wp-content\/uploads\/2025\/07\/novedad_tipsCarreras-1024x683.jpg\" class=\"attachment-large size-large wp-post-image\" alt=\"\" srcset=\"https:\/\/nutreco.com.ar\/site\/wp-content\/uploads\/2025\/07\/novedad_tipsCarreras-1024x683.jpg 1024w, https:\/\/nutreco.com.ar\/site\/wp-content\/uploads\/2025\/07\/novedad_tipsCarreras-300x200.jpg 300w, https:\/\/nutreco.com.ar\/site\/wp-content\/uploads\/2025\/07\/novedad_tipsCarreras-600x400.jpg 600w, https:\/\/nutreco.com.ar\/site\/wp-content\/uploads\/2025\/07\/novedad_tipsCarreras-1536x1024.jpg 1536w, https:\/\/nutreco.com.ar\/site\/wp-content\/uploads\/2025\/07\/novedad_tipsCarreras-180x120.jpg 180w, https:\/\/nutreco.com.ar\/site\/wp-content\/uploads\/2025\/07\/novedad_tipsCarreras-450x300.jpg 450w, https:\/\/nutreco.com.ar\/site\/wp-content\/uploads\/2025\/07\/novedad_tipsCarreras-225x150.jpg 225w, https:\/\/nutreco.com.ar\/site\/wp-content\/uploads\/2025\/07\/novedad_tipsCarreras.jpg 1800w\" sizes=\"auto, (max-width: 1024px) 100vw, 1024px\" \/><\/a><\/div><h2 class=\"w-post-elm post_title usg_post_title_1 entry-title color_link_inherit\"><a href=\"https:\/\/nutreco.com.ar\/site\/tips-para-mejorar-rendimiento-en-carreras\/\">Tips para mejorar el rendimiento en carreras<\/a><\/h2>\t\t<\/div>\r\n\t\t\t<\/article>\r\n\t<article class=\"w-grid-item size_1x1 post-9993 post type-post status-publish format-standard has-post-thumbnail hentry category-novedades\" data-id=\"9993\">\r\n\t\t<div class=\"w-grid-item-h\">\r\n\t\t\t\t\t\t<div class=\"w-post-elm post_image usg_post_image_1 stretched\"><a href=\"https:\/\/nutreco.com.ar\/site\/hidratador-oficial-asociacion-padel-argentino\/\" aria-label=\"Hidratador Oficial de A.P.A.\"><img loading=\"lazy\" decoding=\"async\" width=\"1024\" height=\"683\" src=\"https:\/\/nutreco.com.ar\/site\/wp-content\/uploads\/2025\/06\/novedad_junio_hidratacionOficialPadel-1024x683.jpg\" class=\"attachment-large size-large wp-post-image\" alt=\"\" srcset=\"https:\/\/nutreco.com.ar\/site\/wp-content\/uploads\/2025\/06\/novedad_junio_hidratacionOficialPadel-1024x683.jpg 1024w, https:\/\/nutreco.com.ar\/site\/wp-content\/uploads\/2025\/06\/novedad_junio_hidratacionOficialPadel-300x200.jpg 300w, https:\/\/nutreco.com.ar\/site\/wp-content\/uploads\/2025\/06\/novedad_junio_hidratacionOficialPadel-600x400.jpg 600w, https:\/\/nutreco.com.ar\/site\/wp-content\/uploads\/2025\/06\/novedad_junio_hidratacionOficialPadel-1536x1024.jpg 1536w, https:\/\/nutreco.com.ar\/site\/wp-content\/uploads\/2025\/06\/novedad_junio_hidratacionOficialPadel-180x120.jpg 180w, https:\/\/nutreco.com.ar\/site\/wp-content\/uploads\/2025\/06\/novedad_junio_hidratacionOficialPadel-450x300.jpg 450w, https:\/\/nutreco.com.ar\/site\/wp-content\/uploads\/2025\/06\/novedad_junio_hidratacionOficialPadel-225x150.jpg 225w, https:\/\/nutreco.com.ar\/site\/wp-content\/uploads\/2025\/06\/novedad_junio_hidratacionOficialPadel.jpg 1800w\" sizes=\"auto, (max-width: 1024px) 100vw, 1024px\" \/><\/a><\/div><h2 class=\"w-post-elm post_title usg_post_title_1 entry-title color_link_inherit\"><a href=\"https:\/\/nutreco.com.ar\/site\/hidratador-oficial-asociacion-padel-argentino\/\">Hidratador Oficial de A.P.A.<\/a><\/h2>\t\t<\/div>\r\n\t\t\t<\/article>\r\n\t<article class=\"w-grid-item size_1x1 post-9975 post type-post status-publish format-standard has-post-thumbnail hentry category-novedades\" data-id=\"9975\">\r\n\t\t<div class=\"w-grid-item-h\">\r\n\t\t\t\t\t\t<div class=\"w-post-elm post_image usg_post_image_1 stretched\"><a href=\"https:\/\/nutreco.com.ar\/site\/somos-cardioprotegidos\/\" aria-label=\"Somos Cardioprotegidos\"><img loading=\"lazy\" decoding=\"async\" width=\"1024\" height=\"683\" src=\"https:\/\/nutreco.com.ar\/site\/wp-content\/uploads\/2025\/05\/novedad_mayo_cardioProtegido-01-1024x683.jpg\" class=\"attachment-large size-large wp-post-image\" alt=\"\" srcset=\"https:\/\/nutreco.com.ar\/site\/wp-content\/uploads\/2025\/05\/novedad_mayo_cardioProtegido-01-1024x683.jpg 1024w, https:\/\/nutreco.com.ar\/site\/wp-content\/uploads\/2025\/05\/novedad_mayo_cardioProtegido-01-300x200.jpg 300w, https:\/\/nutreco.com.ar\/site\/wp-content\/uploads\/2025\/05\/novedad_mayo_cardioProtegido-01-600x400.jpg 600w, https:\/\/nutreco.com.ar\/site\/wp-content\/uploads\/2025\/05\/novedad_mayo_cardioProtegido-01-1536x1024.jpg 1536w, https:\/\/nutreco.com.ar\/site\/wp-content\/uploads\/2025\/05\/novedad_mayo_cardioProtegido-01-180x120.jpg 180w, https:\/\/nutreco.com.ar\/site\/wp-content\/uploads\/2025\/05\/novedad_mayo_cardioProtegido-01-450x300.jpg 450w, https:\/\/nutreco.com.ar\/site\/wp-content\/uploads\/2025\/05\/novedad_mayo_cardioProtegido-01-225x150.jpg 225w, https:\/\/nutreco.com.ar\/site\/wp-content\/uploads\/2025\/05\/novedad_mayo_cardioProtegido-01.jpg 1800w\" sizes=\"auto, (max-width: 1024px) 100vw, 1024px\" \/><\/a><\/div><h2 class=\"w-post-elm post_title usg_post_title_1 entry-title color_link_inherit\"><a href=\"https:\/\/nutreco.com.ar\/site\/somos-cardioprotegidos\/\">Somos Cardioprotegidos<\/a><\/h2>\t\t<\/div>\r\n\t\t\t<\/article>\r\n<\/div><div class=\"w-grid-preloader\">\t<div class=\"g-preloader type_1\">\r\n\t\t<div><\/div>\r\n\t<\/div>\r\n\t<\/div>\t\t\t<div class=\"g-loadmore \">\r\n\t\t\t\t<div class=\"g-preloader type_1\">\r\n\t\t\t\t\t<div><\/div>\r\n\t\t\t\t<\/div>\r\n\t\t\t\t<button class=\"w-btn us-btn-style_1\">\r\n\t\t\t\t\t<span class=\"w-btn-label\">Load More<\/span>\r\n\t\t\t\t<\/button>\r\n\t\t\t<\/div>\r\n\t\t\t\t<div class=\"w-grid-json hidden\" onclick='return {&quot;action&quot;:&quot;us_ajax_grid&quot;,&quot;infinite_scroll&quot;:true,&quot;max_num_pages&quot;:3,&quot;pagination&quot;:&quot;ajax&quot;,&quot;template_vars&quot;:{&quot;columns&quot;:&quot;4&quot;,&quot;exclude_items&quot;:&quot;none&quot;,&quot;img_size&quot;:&quot;default&quot;,&quot;ignore_items_size&quot;:0,&quot;items_layout&quot;:&quot;blog_1&quot;,&quot;items_offset&quot;:&quot;1&quot;,&quot;load_animation&quot;:&quot;none&quot;,&quot;overriding_link&quot;:&quot;{\\&quot;url\\&quot;:\\&quot;\\&quot;}&quot;,&quot;post_id&quot;:0,&quot;query_args&quot;:{&quot;post_type&quot;:[&quot;post&quot;],&quot;tax_query&quot;:[{&quot;taxonomy&quot;:&quot;category&quot;,&quot;field&quot;:&quot;slug&quot;,&quot;terms&quot;:[&quot;novedades&quot;]}],&quot;post_status&quot;:[&quot;publish&quot;],&quot;posts_per_page&quot;:&quot;10&quot;},&quot;orderby_query_args&quot;:{&quot;orderby&quot;:{&quot;date&quot;:&quot;DESC&quot;}},&quot;type&quot;:&quot;grid&quot;,&quot;us_grid_post_type&quot;:&quot;post&quot;,&quot;us_grid_ajax_index&quot;:1,&quot;us_grid_filter_query_string&quot;:null,&quot;us_grid_index&quot;:1,&quot;page_args&quot;:[]}}'><\/div>\r\n\t<\/div><\/div><\/div><\/div><\/div><\/div><\/section>\n","protected":false},"excerpt":{"rendered":"En Nutreco Alimentos, la salud y seguridad de las personas es una prioridad. Por eso, contamos con un Desfibrilador Externo Autom\u00e1tico (DEA) y personal capacitado para actuar de manera r\u00e1pida y eficaz ante una emergencia card\u00edaca. Un Espacio Cardioprotegido es aquel que dispone de un DEA en condiciones \u00f3ptimas y de personas entrenadas para utilizarlo...","protected":false},"author":1,"featured_media":0,"parent":0,"menu_order":0,"comment_status":"closed","ping_status":"closed","template":"","meta":{"footnotes":""},"class_list":["post-7230","page","type-page","status-publish","hentry"],"_links":{"self":[{"href":"https:\/\/nutreco.com.ar\/site\/wp-json\/wp\/v2\/pages\/7230","targetHints":{"allow":["GET"]}}],"collection":[{"href":"https:\/\/nutreco.com.ar\/site\/wp-json\/wp\/v2\/pages"}],"about":[{"href":"https:\/\/nutreco.com.ar\/site\/wp-json\/wp\/v2\/types\/page"}],"author":[{"embeddable":true,"href":"https:\/\/nutreco.com.ar\/site\/wp-json\/wp\/v2\/users\/1"}],"replies":[{"embeddable":true,"href":"https:\/\/nutreco.com.ar\/site\/wp-json\/wp\/v2\/comments?post=7230"}],"version-history":[{"count":10,"href":"https:\/\/nutreco.com.ar\/site\/wp-json\/wp\/v2\/pages\/7230\/revisions"}],"predecessor-version":[{"id":8855,"href":"https:\/\/nutreco.com.ar\/site\/wp-json\/wp\/v2\/pages\/7230\/revisions\/8855"}],"wp:attachment":[{"href":"https:\/\/nutreco.com.ar\/site\/wp-json\/wp\/v2\/media?parent=7230"}],"curies":[{"name":"wp","href":"https:\/\/api.w.org\/{rel}","templated":true}]}}