{"id":7083,"date":"2020-10-14T10:31:25","date_gmt":"2020-10-14T13:31:25","guid":{"rendered":"http:\/\/www.nutreco.com.ar\/site\/?page_id=7083"},"modified":"2025-12-30T15:11:43","modified_gmt":"2025-12-30T18:11:43","slug":"planta","status":"publish","type":"page","link":"https:\/\/nutreco.com.ar\/site\/planta\/","title":{"rendered":"Planta"},"content":{"rendered":"<section class=\"l-section wpb_row height_medium full_height valign_top color_primary with_img\"><div class=\"l-section-img\" role=\"img\" data-img-width=\"1920\" data-img-height=\"1080\" style=\"background-image: url(https:\/\/nutreco.com.ar\/site\/wp-content\/uploads\/2020\/12\/planta_inicio.jpg);\"><\/div><div class=\"l-section-h i-cf\"><div class=\"g-cols vc_row via_flex valign_top type_default stacking_default\"><div class=\"vc_col-sm-12 wpb_column vc_column_container\"><div class=\"vc_column-inner\"><div class=\"wpb_wrapper\"><div class=\"wpb_text_column\"><div class=\"wpb_wrapper\"><h4 style=\"text-align: center;\">PLANTA SIERRA DE LOS PADRES<\/h4>\n<\/div><\/div><\/div><\/div><\/div><\/div><\/div><\/section><section class=\"l-section wpb_row height_custom\"><div class=\"l-section-h i-cf\"><div class=\"g-cols vc_row via_flex valign_top type_default stacking_default\"><div class=\"vc_col-sm-6 wpb_column vc_column_container\"><div class=\"vc_column-inner\"><div class=\"wpb_wrapper\"><div class=\"wpb_text_column\"><div class=\"wpb_wrapper\"><p style=\"text-align: left;\">Ubicada al pie de <strong>Sierra de los Padres<\/strong>, lugar donde el agua mineral se capta con todos los nutrientes propios de la naturaleza, posee cinco l\u00edneas de producci\u00f3n, de las cuales se destaca la l\u00ednea de envasado de agua mineral natural, adquirida en el <strong>2018<\/strong>, que le permiti\u00f3 a la empresa triplicar la producci\u00f3n de aguas puras, y obtener productos de calidad excepcional, uno de los objetivos estrat\u00e9gicos de la compa\u00f1\u00eda.<\/p>\n<p style=\"text-align: left;\">Su portfolio, compuesto por m\u00e1s de <strong>100 productos diferentes<\/strong> acordes a los requerimientos del mercado, evoluciona en forma constante planteando propuestas y desaf\u00edos en el af\u00e1n de satisfacer las necesidades de sus consumidores, <strong><em>contando con una amplia red de ventas distribu\u00edda en todo el territorio nacional.<\/em><\/strong><\/p>\n<\/div><\/div><\/div><\/div><\/div><div class=\"vc_col-sm-6 wpb_column vc_column_container\"><div class=\"vc_column-inner\"><div class=\"wpb_wrapper\"><div class=\"w-video align_center ratio_16x9 has_iframe\"><div class=\"w-video-h\"><iframe title=\"Youtube video player\" src=\"\/\/www.youtube.com\/embed\/H4m_IbnhWfo?autoplay=0&controls=1&origin=https:\/\/nutreco.com.ar\/site&loop=0&mute=0\" allowfullscreen=\"1\" loading=\"lazy\"><\/iframe><\/div><\/div><\/div><\/div><\/div><\/div><\/div><\/section><section class=\"l-section wpb_row height_auto\"><div class=\"l-section-h i-cf\"><div class=\"g-cols vc_row via_flex valign_top type_default stacking_default\"><div class=\"vc_col-sm-12 wpb_column vc_column_container\"><div class=\"vc_column-inner\"><div class=\"wpb_wrapper\"><div class=\"wpb_text_column us_custom_6745946f has_text_color\"><div class=\"wpb_wrapper\"><h4 style=\"text-align: center;\"><strong>Nutreco Alimentos S.A.<\/strong> es una empresa que avanza mirando el futuro sin descuidar el presente.<\/h4>\n<\/div><\/div><div class=\"w-separator size_medium\"><\/div><\/div><\/div><\/div><\/div><\/div><\/section><section class=\"l-section wpb_row height_auto width_full\"><div class=\"l-section-overlay\" style=\"background:#f5f5f5\"><\/div><div class=\"l-section-h i-cf\"><div class=\"g-cols vc_row via_flex valign_top type_default stacking_default\" style=\"--additional-gap:0px;\"><div class=\"vc_col-sm-6 wpb_column vc_column_container us_animate_afb\"><div class=\"vc_column-inner\"><div class=\"wpb_wrapper\"><div class=\"w-slider style_none fit_scaledown nav_none count_4\"><div class=\"w-slider-h\"><div class=\"royalSlider\"><div class=\"rsContent\"><a class=\"rsImg\" data-rsw=\"950\" data-rsh=\"700\" href=\"https:\/\/nutreco.com.ar\/site\/wp-content\/uploads\/2020\/10\/galeria1_1.jpg\"><span data-alt=\"planta galeria 1\"><\/span><\/a><\/div><div class=\"rsContent\"><a class=\"rsImg\" data-rsw=\"950\" data-rsh=\"700\" href=\"https:\/\/nutreco.com.ar\/site\/wp-content\/uploads\/2020\/10\/galeria1_2.jpg\"><span data-alt=\"planta galeria2\"><\/span><\/a><\/div><div class=\"rsContent\"><a class=\"rsImg\" data-rsw=\"950\" data-rsh=\"700\" href=\"https:\/\/nutreco.com.ar\/site\/wp-content\/uploads\/2020\/10\/galeria1_4.jpg\"><span data-alt=\"planta galeria 4\"><\/span><\/a><\/div><div class=\"rsContent\"><a class=\"rsImg\" data-rsw=\"950\" data-rsh=\"700\" href=\"https:\/\/nutreco.com.ar\/site\/wp-content\/uploads\/2020\/10\/galeria1_5.jpg\"><span data-alt=\"planta galeria 5\"><\/span><\/a><\/div><\/div><img decoding=\"async\" src=\"https:\/\/nutreco.com.ar\/site\/wp-content\/uploads\/2020\/10\/galeria1_1.jpg\" width=\"950\" height=\"700\" alt=\"planta galeria 1\" loading=\"lazy\"><\/div><div class=\"w-slider-json\" onclick='return {&quot;autoScaleSlider&quot;:true,&quot;addActiveClass&quot;:true,&quot;loop&quot;:true,&quot;fadeInLoadedSlide&quot;:false,&quot;slidesSpacing&quot;:0,&quot;imageScalePadding&quot;:0,&quot;numImagesToPreload&quot;:2,&quot;arrowsNav&quot;:true,&quot;arrowsNavAutoHide&quot;:false,&quot;transitionType&quot;:&quot;move&quot;,&quot;transitionSpeed&quot;:250,&quot;block&quot;:{&quot;moveEffect&quot;:&quot;none&quot;,&quot;speed&quot;:300},&quot;thumbs&quot;:{&quot;fitInViewport&quot;:false,&quot;firstMargin&quot;:false,&quot;spacing&quot;:4},&quot;controlNavigation&quot;:&quot;none&quot;,&quot;autoplay&quot;:{&quot;enabled&quot;:true,&quot;pauseOnHover&quot;:true,&quot;delay&quot;:3000},&quot;autoScaleSliderWidth&quot;:950,&quot;autoScaleSliderHeight&quot;:700}'><\/div><\/div><\/div><\/div><\/div><div class=\"vc_col-sm-6 wpb_column vc_column_container us_animate_afb\" style=\"animation-delay:0.2s\"><div class=\"vc_column-inner us_custom_b747688f\"><div class=\"wpb_wrapper\"><div class=\"w-separator size_medium\"><\/div><div class=\"wpb_text_column\"><div class=\"wpb_wrapper\"><h4>Pol\u00edtica<\/h4>\n<p><strong>Nutreco Alimentos S.A.<\/strong> es una empresa que apuesta al cuidado del medio ambiente que la rodea, de donde obtiene la materia prima esencial de sus productos, el agua. Un elemento de cualidades naturales \u00fanicas, las que preserva mediante pol\u00edticas de calidad implementadas en forma permanente que incluyen la capacitaci\u00f3n del personal abocado a su tratamiento y la sustentabilidad de sus procesos.<\/p>\n<p>En <strong>Nutreco Alimentos S.A.<\/strong>, la calidad es parte de nuestro legado fundacional, por ellos todos nuestros esfuerzos se enfocan en asegurar la elaboraci\u00f3n de nuestros productos cumplan con los requisitos del cliente, incrementando su satisfacci\u00f3n, mientras se trabaja en una mejora continua de calidad e inocuidad.<\/p>\n<\/div><\/div><div class=\"w-separator size_small\"><\/div><div class=\"w-btn-wrapper align_center\"><a class=\"w-btn us-btn-style_6 icon_atleft\" target=\"_blank\" rel=\"nofollow\" title=\"Descargar Pol\u00edtica de Calidad - Nutreco\" href=\"https:\/\/nutreco.com.ar\/site\/wp-content\/uploads\/2025\/12\/Politica_de_Nutreco_Alimentos_S.A.pdf\"><i class=\"fad fa-download\"><\/i><span class=\"w-btn-label\">Descargar Pol\u00edtica de Calidad<\/span><\/a><\/div><\/div><\/div><\/div><\/div><\/div><\/section><section class=\"l-section wpb_row height_auto\"><div class=\"l-section-overlay\" style=\"background:var(--color-header-top-text)\"><\/div><div class=\"l-section-h i-cf\"><div class=\"g-cols vc_row via_flex valign_top type_default stacking_default\"><div class=\"vc_col-sm-12 wpb_column vc_column_container\"><div class=\"vc_column-inner\"><div class=\"wpb_wrapper\"><div class=\"w-image align_center\"><div class=\"w-image-h\"><img decoding=\"async\" width=\"600\" height=\"200\" src=\"https:\/\/nutreco.com.ar\/site\/wp-content\/uploads\/2025\/06\/fssc22000_iram-2025.png\" class=\"attachment-large size-large\" alt=\"\" loading=\"lazy\" srcset=\"https:\/\/nutreco.com.ar\/site\/wp-content\/uploads\/2025\/06\/fssc22000_iram-2025.png 600w, https:\/\/nutreco.com.ar\/site\/wp-content\/uploads\/2025\/06\/fssc22000_iram-2025-300x100.png 300w, https:\/\/nutreco.com.ar\/site\/wp-content\/uploads\/2025\/06\/fssc22000_iram-2025-180x60.png 180w, https:\/\/nutreco.com.ar\/site\/wp-content\/uploads\/2025\/06\/fssc22000_iram-2025-450x150.png 450w, https:\/\/nutreco.com.ar\/site\/wp-content\/uploads\/2025\/06\/fssc22000_iram-2025-225x75.png 225w\" sizes=\"auto, (max-width: 600px) 100vw, 600px\" \/><\/div><\/div><div class=\"w-btn-wrapper align_center\"><a class=\"w-btn us-btn-style_6 icon_atleft\" title=\"\u00bfQu\u00e9 informan estas certificaciones?\" target=\"_blank\" rel=\"nofollow\" href=\"http:\/\/www.nutreco.com.ar\/site\/inocuidad-y-gestion\/\"><i class=\"fad fa-info\"><\/i><span class=\"w-btn-label\">\u00bfQu\u00e9 informan estas certificaciones?<\/span><\/a><\/div><div class=\"w-separator size_small\"><\/div><\/div><\/div><\/div><\/div><\/div><\/section><section class=\"l-section wpb_row height_auto\"><div class=\"l-section-h i-cf\"><div class=\"g-cols vc_row via_flex valign_top type_default stacking_default\"><div class=\"vc_col-sm-6 wpb_column vc_column_container us_animate_fade stretched\"><div class=\"vc_column-inner\"><div class=\"wpb_wrapper\"><div class=\"wpb_text_column\"><div class=\"wpb_wrapper\"><h4>Certificaciones<\/h4>\n<\/div><\/div><div class=\"g-cols wpb_row via_flex valign_top type_default stacking_default\" style=\"--additional-gap:10px;\"><div class=\"vc_col-sm-12 wpb_column vc_column_container\"><div class=\"vc_column-inner\"><div class=\"wpb_wrapper\"><div class=\"wpb_text_column\"><div class=\"wpb_wrapper\"><h5>FSSC 22000<\/h5>\n<p>Nuestra planta est\u00e1 certificada bajo el esquema internacional de Gesti\u00f3n de la Inocuidad Alimentaria FSSC 22000, esto nos permiti\u00f3 mejorar los procesos de producci\u00f3n, garantizar la calidad y seguridad de los alimentos, y favorecer la confianza del consumidor.<\/p>\n<\/div><\/div><div class=\"w-separator size_medium\"><\/div><\/div><\/div><\/div><\/div><div class=\"g-cols wpb_row via_flex valign_top type_default stacking_default\" style=\"--additional-gap:30px;\"><div class=\"vc_col-sm-6 wpb_column vc_column_container\"><div class=\"vc_column-inner\"><div class=\"wpb_wrapper\"><div class=\"w-image align_center\"><div class=\"w-image-h\"><img decoding=\"async\" width=\"400\" height=\"200\" src=\"https:\/\/nutreco.com.ar\/site\/wp-content\/uploads\/2025\/06\/logos_cetificaciones-2025.jpg\" class=\"attachment-large size-large\" alt=\"\" loading=\"lazy\" srcset=\"https:\/\/nutreco.com.ar\/site\/wp-content\/uploads\/2025\/06\/logos_cetificaciones-2025.jpg 400w, https:\/\/nutreco.com.ar\/site\/wp-content\/uploads\/2025\/06\/logos_cetificaciones-2025-300x150.jpg 300w, https:\/\/nutreco.com.ar\/site\/wp-content\/uploads\/2025\/06\/logos_cetificaciones-2025-180x90.jpg 180w, https:\/\/nutreco.com.ar\/site\/wp-content\/uploads\/2025\/06\/logos_cetificaciones-2025-225x113.jpg 225w\" sizes=\"auto, (max-width: 400px) 100vw, 400px\" \/><\/div><\/div><\/div><\/div><\/div><div class=\"vc_col-sm-6 wpb_column vc_column_container\"><div class=\"vc_column-inner\"><div class=\"wpb_wrapper\"><div class=\"wpb_text_column\"><div class=\"wpb_wrapper\"><p>Certificado N\u00ba: <strong>FSSC 103<\/strong><br \/>\nValidez del presente certificado:<br \/>\ndesde: <strong>22\/04\/2025<\/strong><br \/>\nhasta: <strong>27\/07\/2028<\/strong><\/p>\n<\/div><\/div><div class=\"w-separator size_small\"><\/div><div class=\"w-btn-wrapper align_center\"><a class=\"w-btn us-btn-style_1 icon_atleft\" target=\"_blank\" href=\"https:\/\/nutreco.com.ar\/wp-content\/uploads\/2025\/05\/FSSCv6-NUTRECO-RC-ABRIL25.pdf\"><i class=\"fas fa-file-alt\"><\/i><span class=\"w-btn-label\">Ver Certificado<\/span><\/a><\/div><\/div><\/div><\/div><\/div><\/div><\/div><\/div><div class=\"vc_col-sm-6 wpb_column vc_column_container stretched\"><div class=\"vc_column-inner\"><div class=\"wpb_wrapper\"><div class=\"w-slider style_none fit_scaledown nav_none count_4\"><div class=\"w-slider-h\"><div class=\"royalSlider\"><div class=\"rsContent\"><a class=\"rsImg\" data-rsw=\"950\" data-rsh=\"700\" href=\"https:\/\/nutreco.com.ar\/site\/wp-content\/uploads\/2020\/10\/galeria2_1.jpg\"><span data-alt=\"planta nutreco alimentos s.a.\"><\/span><\/a><\/div><div class=\"rsContent\"><a class=\"rsImg\" data-rsw=\"950\" data-rsh=\"700\" href=\"https:\/\/nutreco.com.ar\/site\/wp-content\/uploads\/2020\/10\/galeria2_2.jpg\"><span data-alt=\"planta nutreco alimentos s.a.\"><\/span><\/a><\/div><div class=\"rsContent\"><a class=\"rsImg\" data-rsw=\"950\" data-rsh=\"700\" href=\"https:\/\/nutreco.com.ar\/site\/wp-content\/uploads\/2020\/10\/galeria2_3.jpg\"><span data-alt=\"planta nutreco alimentos s.a.\"><\/span><\/a><\/div><div class=\"rsContent\"><a class=\"rsImg\" data-rsw=\"950\" data-rsh=\"700\" href=\"https:\/\/nutreco.com.ar\/site\/wp-content\/uploads\/2020\/10\/galeria2_4.jpg\"><span data-alt=\"planta nutreco alimentos s.a.\"><\/span><\/a><\/div><\/div><img decoding=\"async\" src=\"https:\/\/nutreco.com.ar\/site\/wp-content\/uploads\/2020\/10\/galeria2_1.jpg\" width=\"950\" height=\"700\" alt=\"planta nutreco alimentos s.a.\" loading=\"lazy\"><\/div><div class=\"w-slider-json\" onclick='return {&quot;autoScaleSlider&quot;:true,&quot;addActiveClass&quot;:true,&quot;loop&quot;:true,&quot;fadeInLoadedSlide&quot;:false,&quot;slidesSpacing&quot;:0,&quot;imageScalePadding&quot;:0,&quot;numImagesToPreload&quot;:2,&quot;arrowsNav&quot;:true,&quot;arrowsNavAutoHide&quot;:false,&quot;transitionType&quot;:&quot;move&quot;,&quot;transitionSpeed&quot;:250,&quot;block&quot;:{&quot;moveEffect&quot;:&quot;none&quot;,&quot;speed&quot;:300},&quot;thumbs&quot;:{&quot;fitInViewport&quot;:false,&quot;firstMargin&quot;:false,&quot;spacing&quot;:4},&quot;controlNavigation&quot;:&quot;none&quot;,&quot;autoplay&quot;:{&quot;enabled&quot;:true,&quot;pauseOnHover&quot;:true,&quot;delay&quot;:3000},&quot;autoScaleSliderWidth&quot;:950,&quot;autoScaleSliderHeight&quot;:700}'><\/div><\/div><\/div><\/div><\/div><\/div><\/div><\/section><section class=\"l-section wpb_row height_auto\"><div class=\"l-section-overlay\" style=\"background:var(--color-header-transparent-text-hover)\"><\/div><div class=\"l-section-h i-cf\"><div class=\"g-cols vc_row via_flex valign_top type_default stacking_default\"><div class=\"vc_col-sm-12 wpb_column vc_column_container\"><div class=\"vc_column-inner\"><div class=\"wpb_wrapper\"><div class=\"w-separator size_small\"><\/div><div class=\"wpb_text_column us_custom_d44d8758 has_text_color\"><div class=\"wpb_wrapper\"><h4 style=\"text-align: center;\">\u00bfSab\u00e9s qu\u00e9 es la Celiaqu\u00eda?<\/h4>\n<\/div><\/div><div class=\"w-btn-wrapper align_center\"><a class=\"w-btn us-btn-style_6 icon_atleft\" title=\"\u00bfQu\u00e9 es la Celiaqu\u00eda?\" target=\"_blank\" rel=\"nofollow\" href=\"http:\/\/www.nutreco.com.ar\/site\/celiaquia-2\/\"><i class=\"fad fa-info\"><\/i><span class=\"w-btn-label\">Informate Aqu\u00ed<\/span><\/a><\/div><div class=\"w-separator size_small\"><\/div><\/div><\/div><\/div><\/div><\/div><\/section><section class=\"l-section wpb_row height_auto width_full\"><div class=\"l-section-overlay\" style=\"background:#f5f5f5\"><\/div><div class=\"l-section-h i-cf\"><div class=\"g-cols vc_row via_flex valign_top type_default stacking_default\" style=\"--additional-gap:0px;\"><div class=\"vc_col-sm-6 wpb_column vc_column_container us_animate_afb\"><div class=\"vc_column-inner\"><div class=\"wpb_wrapper\"><div class=\"w-slider style_none fit_scaledown nav_none count_4\"><div class=\"w-slider-h\"><div class=\"royalSlider\"><div class=\"rsContent\"><a class=\"rsImg\" data-rsw=\"950\" data-rsh=\"700\" href=\"https:\/\/nutreco.com.ar\/site\/wp-content\/uploads\/2020\/10\/galeria1_1.jpg\"><span data-alt=\"planta galeria 1\"><\/span><\/a><\/div><div class=\"rsContent\"><a class=\"rsImg\" data-rsw=\"950\" data-rsh=\"700\" href=\"https:\/\/nutreco.com.ar\/site\/wp-content\/uploads\/2020\/10\/galeria1_2.jpg\"><span data-alt=\"planta galeria2\"><\/span><\/a><\/div><div class=\"rsContent\"><a class=\"rsImg\" data-rsw=\"950\" data-rsh=\"700\" href=\"https:\/\/nutreco.com.ar\/site\/wp-content\/uploads\/2020\/10\/galeria1_4.jpg\"><span data-alt=\"planta galeria 4\"><\/span><\/a><\/div><div class=\"rsContent\"><a class=\"rsImg\" data-rsw=\"950\" data-rsh=\"700\" href=\"https:\/\/nutreco.com.ar\/site\/wp-content\/uploads\/2020\/10\/galeria1_5.jpg\"><span data-alt=\"planta galeria 5\"><\/span><\/a><\/div><\/div><img decoding=\"async\" src=\"https:\/\/nutreco.com.ar\/site\/wp-content\/uploads\/2020\/10\/galeria1_1.jpg\" width=\"950\" height=\"700\" alt=\"planta galeria 1\" loading=\"lazy\"><\/div><div class=\"w-slider-json\" onclick='return {&quot;autoScaleSlider&quot;:true,&quot;addActiveClass&quot;:true,&quot;loop&quot;:true,&quot;fadeInLoadedSlide&quot;:false,&quot;slidesSpacing&quot;:0,&quot;imageScalePadding&quot;:0,&quot;numImagesToPreload&quot;:2,&quot;arrowsNav&quot;:true,&quot;arrowsNavAutoHide&quot;:false,&quot;transitionType&quot;:&quot;move&quot;,&quot;transitionSpeed&quot;:250,&quot;block&quot;:{&quot;moveEffect&quot;:&quot;none&quot;,&quot;speed&quot;:300},&quot;thumbs&quot;:{&quot;fitInViewport&quot;:false,&quot;firstMargin&quot;:false,&quot;spacing&quot;:4},&quot;controlNavigation&quot;:&quot;none&quot;,&quot;autoplay&quot;:{&quot;enabled&quot;:true,&quot;pauseOnHover&quot;:true,&quot;delay&quot;:3000},&quot;autoScaleSliderWidth&quot;:950,&quot;autoScaleSliderHeight&quot;:700}'><\/div><\/div><\/div><\/div><\/div><div class=\"vc_col-sm-6 wpb_column vc_column_container us_animate_afb\" style=\"animation-delay:0.2s\"><div class=\"vc_column-inner us_custom_b747688f\"><div class=\"wpb_wrapper\"><div class=\"w-separator size_medium\"><\/div><div class=\"wpb_text_column\"><div class=\"wpb_wrapper\"><h4>Productos Libres de Gluten<\/h4>\n<p><strong>Nuestra planta<\/strong> esta certificada como libre gluten.<br \/>\nRealizamos an\u00e1lisis de determinaci\u00f3n de gliadinas y establecemos medidas de seguridad y preventivas para evitar cualquier probabilidad de contaminaci\u00f3n cruzada.<br \/>\nNuestros productos se encuentran dentro del listado de alimentos libres de gluten del <strong>Anmat<\/strong> y <strong>Asociaci\u00f3n Cel\u00edaca Argentina<\/strong>.<\/p>\n<\/div><\/div><div class=\"w-separator size_small\"><\/div><div class=\"g-cols wpb_row via_flex valign_top type_default stacking_default\"><div class=\"vc_col-sm-6 wpb_column vc_column_container\"><div class=\"vc_column-inner\"><div class=\"wpb_wrapper\"><div class=\"w-image align_center us_animate_afl\"><div class=\"w-image-h\"><img decoding=\"async\" width=\"180\" height=\"141\" src=\"https:\/\/nutreco.com.ar\/site\/wp-content\/uploads\/2021\/03\/lgo_anmat-180x141.jpg\" class=\"attachment-us_180_141 size-us_180_141\" alt=\"Logo de la ANMAT\" loading=\"lazy\" srcset=\"https:\/\/nutreco.com.ar\/site\/wp-content\/uploads\/2021\/03\/lgo_anmat-180x141.jpg 180w, https:\/\/nutreco.com.ar\/site\/wp-content\/uploads\/2021\/03\/lgo_anmat-191x150.jpg 191w, https:\/\/nutreco.com.ar\/site\/wp-content\/uploads\/2021\/03\/lgo_anmat.jpg 255w\" sizes=\"auto, (max-width: 180px) 100vw, 180px\" \/><\/div><\/div><div class=\"wpb_text_column\"><div class=\"wpb_wrapper\"><p style=\"text-align: center;\"><a href=\"https:\/\/www.argentina.gob.ar\/anmat\/alg\" target=\"_blank\" rel=\"noopener noreferrer\">ANMAT Argentina<\/a><\/p>\n<\/div><\/div><\/div><\/div><\/div><div class=\"vc_col-sm-6 wpb_column vc_column_container\"><div class=\"vc_column-inner\"><div class=\"wpb_wrapper\"><div class=\"w-image align_center us_animate_afl\"><div class=\"w-image-h\"><img decoding=\"async\" width=\"180\" height=\"141\" src=\"https:\/\/nutreco.com.ar\/site\/wp-content\/uploads\/2021\/03\/logo_asoc-celiaca-argentina-180x141.png\" class=\"attachment-us_180_141 size-us_180_141\" alt=\"Logo de la Asociaci\u00f3n Cel\u00edaca Argentina\" loading=\"lazy\" srcset=\"https:\/\/nutreco.com.ar\/site\/wp-content\/uploads\/2021\/03\/logo_asoc-celiaca-argentina-180x141.png 180w, https:\/\/nutreco.com.ar\/site\/wp-content\/uploads\/2021\/03\/logo_asoc-celiaca-argentina-191x150.png 191w, https:\/\/nutreco.com.ar\/site\/wp-content\/uploads\/2021\/03\/logo_asoc-celiaca-argentina.png 255w\" sizes=\"auto, (max-width: 180px) 100vw, 180px\" \/><\/div><\/div><div class=\"wpb_text_column\"><div class=\"wpb_wrapper\"><p style=\"text-align: center;\"><a href=\"https:\/\/www.instagram.com\/asociacion.celiaca.arg\/\" target=\"_blank\" rel=\"noopener noreferrer\">Asociaci\u00f3n Cel\u00edaca Argentina<\/a><\/p>\n<\/div><\/div><\/div><\/div><\/div><\/div><\/div><\/div><\/div><\/div><\/div><\/section>\n","protected":false},"excerpt":{"rendered":"PLANTA SIERRA DE LOS PADRES Ubicada al pie de Sierra de los Padres, lugar donde el agua mineral se capta con todos los nutrientes propios de la naturaleza, posee cinco l\u00edneas de producci\u00f3n, de las cuales se destaca la l\u00ednea de envasado de agua mineral natural, adquirida en el 2018, que le permiti\u00f3 a la...","protected":false},"author":1,"featured_media":0,"parent":0,"menu_order":0,"comment_status":"closed","ping_status":"closed","template":"","meta":{"footnotes":""},"class_list":["post-7083","page","type-page","status-publish","hentry"],"_links":{"self":[{"href":"https:\/\/nutreco.com.ar\/site\/wp-json\/wp\/v2\/pages\/7083","targetHints":{"allow":["GET"]}}],"collection":[{"href":"https:\/\/nutreco.com.ar\/site\/wp-json\/wp\/v2\/pages"}],"about":[{"href":"https:\/\/nutreco.com.ar\/site\/wp-json\/wp\/v2\/types\/page"}],"author":[{"embeddable":true,"href":"https:\/\/nutreco.com.ar\/site\/wp-json\/wp\/v2\/users\/1"}],"replies":[{"embeddable":true,"href":"https:\/\/nutreco.com.ar\/site\/wp-json\/wp\/v2\/comments?post=7083"}],"version-history":[{"count":6,"href":"https:\/\/nutreco.com.ar\/site\/wp-json\/wp\/v2\/pages\/7083\/revisions"}],"predecessor-version":[{"id":10410,"href":"https:\/\/nutreco.com.ar\/site\/wp-json\/wp\/v2\/pages\/7083\/revisions\/10410"}],"wp:attachment":[{"href":"https:\/\/nutreco.com.ar\/site\/wp-json\/wp\/v2\/media?parent=7083"}],"curies":[{"name":"wp","href":"https:\/\/api.w.org\/{rel}","templated":true}]}}