{"id":10126,"date":"2025-08-19T10:26:02","date_gmt":"2025-08-19T13:26:02","guid":{"rendered":"https:\/\/nutreco.com.ar\/site\/?page_id=10126"},"modified":"2025-08-19T10:26:24","modified_gmt":"2025-08-19T13:26:24","slug":"valle-del-sol","status":"publish","type":"page","link":"https:\/\/nutreco.com.ar\/site\/valle-del-sol\/","title":{"rendered":"Valle del Sol"},"content":{"rendered":"<section class=\"l-section wpb_row height_large color_primary with_img\"><div class=\"l-section-img\" role=\"img\" data-img-width=\"1800\" data-img-height=\"350\" style=\"background-image: url(https:\/\/nutreco.com.ar\/site\/wp-content\/uploads\/2025\/08\/VDS_cabecera.jpg);background-position: top center;background-repeat: no-repeat;\"><\/div><div class=\"l-section-h i-cf\"><div class=\"g-cols vc_row via_flex valign_top type_default stacking_default\"><div class=\"vc_col-sm-12 wpb_column vc_column_container\"><div class=\"vc_column-inner\"><div class=\"wpb_wrapper\"><div class=\"w-image align_center\"><div class=\"w-image-h\"><img decoding=\"async\" width=\"494\" height=\"211\" src=\"https:\/\/nutreco.com.ar\/site\/wp-content\/uploads\/2025\/08\/logo_valleDelSol.png\" class=\"attachment-large size-large\" alt=\"\" loading=\"lazy\" srcset=\"https:\/\/nutreco.com.ar\/site\/wp-content\/uploads\/2025\/08\/logo_valleDelSol.png 494w, https:\/\/nutreco.com.ar\/site\/wp-content\/uploads\/2025\/08\/logo_valleDelSol-300x128.png 300w, https:\/\/nutreco.com.ar\/site\/wp-content\/uploads\/2025\/08\/logo_valleDelSol-180x77.png 180w, https:\/\/nutreco.com.ar\/site\/wp-content\/uploads\/2025\/08\/logo_valleDelSol-450x192.png 450w, https:\/\/nutreco.com.ar\/site\/wp-content\/uploads\/2025\/08\/logo_valleDelSol-225x96.png 225w\" sizes=\"auto, (max-width: 494px) 100vw, 494px\" \/><\/div><\/div><\/div><\/div><\/div><\/div><\/div><\/section><section class=\"l-section wpb_row height_small\"><div class=\"l-section-h i-cf\"><div class=\"g-cols vc_row via_flex valign_top type_default stacking_default\"><div class=\"vc_col-sm-6 wpb_column vc_column_container\"><div class=\"vc_column-inner\"><div class=\"wpb_wrapper\"><div class=\"w-image align_none\"><div class=\"w-image-h\"><img decoding=\"async\" width=\"494\" height=\"211\" src=\"https:\/\/nutreco.com.ar\/site\/wp-content\/uploads\/2025\/08\/logo_valleDelSol.png\" class=\"attachment-full size-full\" alt=\"\" loading=\"lazy\" srcset=\"https:\/\/nutreco.com.ar\/site\/wp-content\/uploads\/2025\/08\/logo_valleDelSol.png 494w, https:\/\/nutreco.com.ar\/site\/wp-content\/uploads\/2025\/08\/logo_valleDelSol-300x128.png 300w, https:\/\/nutreco.com.ar\/site\/wp-content\/uploads\/2025\/08\/logo_valleDelSol-180x77.png 180w, https:\/\/nutreco.com.ar\/site\/wp-content\/uploads\/2025\/08\/logo_valleDelSol-450x192.png 450w, https:\/\/nutreco.com.ar\/site\/wp-content\/uploads\/2025\/08\/logo_valleDelSol-225x96.png 225w\" sizes=\"auto, (max-width: 494px) 100vw, 494px\" \/><\/div><\/div><\/div><\/div><\/div><div class=\"vc_col-sm-6 wpb_column vc_column_container\"><div class=\"vc_column-inner\"><div class=\"wpb_wrapper\"><div class=\"wpb_text_column us_custom_20329696\"><div class=\"wpb_wrapper\"><p>En la mesa, en la oficina o durante tus tareas diarias el agua de mesa <strong>Valle del Sol<\/strong> est\u00e1 cuidadosamente procesada para garantizarte una calidad \u00f3ptima y refrescante. Te ofrecemos el pr\u00e1ctico bid\u00f3n, ideal para el consumo familiar; la botella de 2 litros, perfecta para acompa\u00f1arte a lo largo de tu jornada; y la botella de 600 ml, pensada para que la lleves contigo a donde vayas. Elige el tama\u00f1o que mejor se adapte a vos y haz de nuestra agua el acompa\u00f1ante de tus comidas y tu aliada cada d\u00eda.<\/p>\n<\/div><\/div><\/div><\/div><\/div><\/div><\/div><\/section><section class=\"l-section wpb_row height_auto\"><div class=\"l-section-h i-cf\"><div class=\"g-cols vc_row via_flex valign_top type_default stacking_default\"><div class=\"vc_col-sm-12 wpb_column vc_column_container\"><div class=\"vc_column-inner\"><div class=\"wpb_wrapper\"><div class=\"w-tabs us_custom_606c459c has_text_color layout_hor style_trendy switch_click has_scrolling\" style=\"--sections-title-size:1.4rem\"><div class=\"w-tabs-list items_1 align_none\" style=\"font-family:Arial, Helvetica, sans-serif;font-weight:700;\"><div class=\"w-tabs-list-h\"><button class=\"w-tabs-item active defined-active\" aria-controls=\"content-1603821346490-efe9125e-46ba\" aria-expanded=\"true\"><span class=\"w-tabs-item-title\">Agua sin gas<\/span><\/button><\/div><\/div><div class=\"w-tabs-sections titles-align_none icon_chevron cpos_right\"><div class=\"w-tabs-section has_text_color active\" id=\"1603821346490-efe9125e-46ba\" style=\"color:var(--color-content-link);\"><button class=\"w-tabs-section-header active\" aria-controls=\"content-1603821346490-efe9125e-46ba\" aria-expanded=\"true\"><div class=\"w-tabs-section-title\">Agua sin gas<\/div><div class=\"w-tabs-section-control\"><\/div><\/button><div  class=\"w-tabs-section-content us_custom_3855cf32\" id=\"content-1603821346490-efe9125e-46ba\"><div class=\"w-tabs-section-content-h i-cf\"><div class=\"g-cols wpb_row via_flex valign_top type_default stacking_default\"><div class=\"vc_col-sm-6 wpb_column vc_column_container\"><div class=\"vc_column-inner\"><div class=\"wpb_wrapper\"><div class=\"w-image us_custom_8f2ba1f4 us_animate_this align_center\"><div class=\"w-image-h\"><img decoding=\"async\" width=\"600\" height=\"500\" src=\"https:\/\/nutreco.com.ar\/site\/wp-content\/uploads\/2025\/08\/vds_aguas_todas.png\" class=\"attachment-large size-large\" alt=\"\" loading=\"lazy\" srcset=\"https:\/\/nutreco.com.ar\/site\/wp-content\/uploads\/2025\/08\/vds_aguas_todas.png 600w, https:\/\/nutreco.com.ar\/site\/wp-content\/uploads\/2025\/08\/vds_aguas_todas-300x250.png 300w, https:\/\/nutreco.com.ar\/site\/wp-content\/uploads\/2025\/08\/vds_aguas_todas-169x141.png 169w, https:\/\/nutreco.com.ar\/site\/wp-content\/uploads\/2025\/08\/vds_aguas_todas-450x375.png 450w, https:\/\/nutreco.com.ar\/site\/wp-content\/uploads\/2025\/08\/vds_aguas_todas-180x150.png 180w, https:\/\/nutreco.com.ar\/site\/wp-content\/uploads\/2025\/08\/vds_aguas_todas-480x400.png 480w\" sizes=\"auto, (max-width: 600px) 100vw, 600px\" \/><\/div><\/div><\/div><\/div><\/div><div class=\"vc_col-sm-6 wpb_column vc_column_container\"><div class=\"vc_column-inner\"><div class=\"wpb_wrapper\"><div class=\"wpb_text_column us_custom_ec70457e has_text_color\"><div class=\"wpb_wrapper\"><p>Agua de bebida envasada<\/p>\n<\/div><\/div><div class=\"w-separator size_small\"><\/div><div class=\"wpb_text_column us_custom_e8d85284 has_text_color\"><div class=\"wpb_wrapper\"><p><span style=\"color: #005bab;\"><span style=\"color: #ffcb02;\"><span style=\"color: #808080;\">Presentaciones:<\/span><strong><br \/>\n<\/strong><\/span><\/span>\u2022 600 ml<br \/>\n\u2022 2 Litros<br \/>\n\u2022 6.25 Litros<\/p>\n<\/div><\/div><\/div><\/div><\/div><\/div><\/div><\/div><\/div><\/div><\/div><\/div><\/div><\/div><\/div><\/div><\/section>\n","protected":false},"excerpt":{"rendered":"En la mesa, en la oficina o durante tus tareas diarias el agua de mesa Valle del Sol est\u00e1 cuidadosamente procesada para garantizarte una calidad \u00f3ptima y refrescante. Te ofrecemos el pr\u00e1ctico bid\u00f3n, ideal para el consumo familiar; la botella de 2 litros, perfecta para acompa\u00f1arte a lo largo de tu jornada; y la botella...","protected":false},"author":2,"featured_media":0,"parent":0,"menu_order":0,"comment_status":"closed","ping_status":"closed","template":"","meta":{"footnotes":""},"class_list":["post-10126","page","type-page","status-publish","hentry"],"_links":{"self":[{"href":"https:\/\/nutreco.com.ar\/site\/wp-json\/wp\/v2\/pages\/10126","targetHints":{"allow":["GET"]}}],"collection":[{"href":"https:\/\/nutreco.com.ar\/site\/wp-json\/wp\/v2\/pages"}],"about":[{"href":"https:\/\/nutreco.com.ar\/site\/wp-json\/wp\/v2\/types\/page"}],"author":[{"embeddable":true,"href":"https:\/\/nutreco.com.ar\/site\/wp-json\/wp\/v2\/users\/2"}],"replies":[{"embeddable":true,"href":"https:\/\/nutreco.com.ar\/site\/wp-json\/wp\/v2\/comments?post=10126"}],"version-history":[{"count":5,"href":"https:\/\/nutreco.com.ar\/site\/wp-json\/wp\/v2\/pages\/10126\/revisions"}],"predecessor-version":[{"id":10155,"href":"https:\/\/nutreco.com.ar\/site\/wp-json\/wp\/v2\/pages\/10126\/revisions\/10155"}],"wp:attachment":[{"href":"https:\/\/nutreco.com.ar\/site\/wp-json\/wp\/v2\/media?parent=10126"}],"curies":[{"name":"wp","href":"https:\/\/api.w.org\/{rel}","templated":true}]}}